{"id":10630,"date":"2023-02-22T20:38:04","date_gmt":"2023-02-22T20:38:04","guid":{"rendered":"https:\/\/amsterdamoriginal.com\/?post_type=product&#038;p=10630"},"modified":"2026-02-10T11:03:45","modified_gmt":"2026-02-10T11:03:45","slug":"one-year-on-a-bike-from-amsterdam-to-singapore","status":"publish","type":"product","link":"https:\/\/www.koffietafelboeken.nl\/en\/product\/one-year-on-a-bike-from-amsterdam-to-singapore","title":{"rendered":"One Year on a Bike - From Amsterdam to Singapore"},"content":{"rendered":"<p>The title says it all: one man, one bicycle, one long ride, the adventure, the pleasure and the pain. Martijn Doolaard traded the convenience of a car and the distractions of everyday life for a continental bicycle journey: an adventure that would take him from Amsterdam to Singapore.<\/p>\n<p>One Year on a Bike leaves behind repetitive routines and enjoys slow travel, the subtlety of a gradually changing landscape and the lessons learned along the way. From Eastern European fields of yellow rapeseed to the intimate host culture and community in Iran, One Year on a Bike is a vivid chronicle of what can happen when the norm is purposefully replaced by extraordinary self-discoveries and beautiful landscapes. The title says it all: one man, one bike, one long ride, the adventure, the fun and the pain. It is simultaneously a travelogue and a visual journey. Martijn Doolaard traded the convenience of a car and the distractions of everyday life for a continental bicycle journey: a bipedal adventure that would take him from Amsterdam to Singapore.<\/p>\n<p>One Year on a Bike leaves behind repetitive routines and enjoys slow travel, the subtlety of a gradually changing landscape and the lessons learned by traveling. From Eastern European fields of yellow rapeseed to the intimate host culture and community in Iran, One Year on a Bike is a vivid chronicle of what can happen when the norm is purposefully replaced by extraordinary self-discoveries and beautiful landscapes. Doolaard shares the equipment and knowledge that made his journey possible, in addition to the passionate curiosity that served as the driving force.<\/p>\n<p><strong>Specifications<\/strong><br \/>\nAuthor: Martijn Doolaard<br \/>\nSize: 247 x 327 x 38 mm<br \/>\nSize: 376 pages<br \/>\nWeight: 2533 grams<br \/>\nLanguage: English<br \/>\nMaterial: Hardcover<\/p>","protected":false},"excerpt":{"rendered":"<p>De titel zegt het al: \u00e9\u00e9n man, \u00e9\u00e9n fiets, \u00e9\u00e9n lange rit, het avontuur, het plezier en de pijn. Martijn Doolaard verruilde het gemak van een auto en de afleiding van het dagelijks leven voor een continentale fietsreis: een avontuur dat hem van Amsterdam naar Singapore zou brengen. One Year on a Bike laat repetitieve [&hellip;]<\/p>\n","protected":false},"featured_media":10638,"template":"","meta":{"_acf_changed":false},"product_brand":[],"product_cat":[801],"product_tag":[],"giftcard-category":[],"merken":[],"thema":[],"class_list":{"0":"post-10630","1":"product","2":"type-product","3":"status-publish","4":"has-post-thumbnail","6":"product_cat-reisboeken","8":"first","9":"outofstock","10":"taxable","11":"shipping-taxable","12":"purchasable","13":"product-type-simple"},"acf":[],"_links":{"self":[{"href":"https:\/\/www.koffietafelboeken.nl\/en\/wp-json\/wp\/v2\/product\/10630","targetHints":{"allow":["GET"]}}],"collection":[{"href":"https:\/\/www.koffietafelboeken.nl\/en\/wp-json\/wp\/v2\/product"}],"about":[{"href":"https:\/\/www.koffietafelboeken.nl\/en\/wp-json\/wp\/v2\/types\/product"}],"wp:featuredmedia":[{"embeddable":true,"href":"https:\/\/www.koffietafelboeken.nl\/en\/wp-json\/wp\/v2\/media\/10638"}],"wp:attachment":[{"href":"https:\/\/www.koffietafelboeken.nl\/en\/wp-json\/wp\/v2\/media?parent=10630"}],"wp:term":[{"taxonomy":"product_brand","embeddable":true,"href":"https:\/\/www.koffietafelboeken.nl\/en\/wp-json\/wp\/v2\/product_brand?post=10630"},{"taxonomy":"product_cat","embeddable":true,"href":"https:\/\/www.koffietafelboeken.nl\/en\/wp-json\/wp\/v2\/product_cat?post=10630"},{"taxonomy":"product_tag","embeddable":true,"href":"https:\/\/www.koffietafelboeken.nl\/en\/wp-json\/wp\/v2\/product_tag?post=10630"},{"taxonomy":"giftcard-category","embeddable":true,"href":"https:\/\/www.koffietafelboeken.nl\/en\/wp-json\/wp\/v2\/giftcard-category?post=10630"},{"taxonomy":"merken","embeddable":true,"href":"https:\/\/www.koffietafelboeken.nl\/en\/wp-json\/wp\/v2\/merken?post=10630"},{"taxonomy":"thema","embeddable":true,"href":"https:\/\/www.koffietafelboeken.nl\/en\/wp-json\/wp\/v2\/thema?post=10630"}],"curies":[{"name":"wp","href":"https:\/\/api.w.org\/{rel}","templated":true}]}}