{"id":11898,"date":"2023-06-06T11:52:59","date_gmt":"2023-06-06T11:52:59","guid":{"rendered":"https:\/\/www.koffietafelboeken.nl\/?post_type=product&#038;p=11898"},"modified":"2025-11-27T12:40:28","modified_gmt":"2025-11-27T12:40:28","slug":"assouline-st-tropez-soleil","status":"publish","type":"product","link":"https:\/\/www.koffietafelboeken.nl\/en\/product\/assouline-st-tropez-soleil","title":{"rendered":"Assouline: St. Tropez Soleil"},"content":{"rendered":"<p><strong>The legend of St. Tropez begins with a dog, a rooster and a martyr and leads to movie stars, world-famous artists and prominent writers. Located on the sparkling French Riviera, St. Tropez has been in the spotlight, for better or worse, for more than half a century.<\/strong><\/p>\n<p>Celebrities flock to this idyllic town for its beaches and a dose of Mediterranean sunshine. A picturesque oasis, St. Tropez has served as inspiration for a who's who of notable writers, from Fran\u00e7oise Sagan to Colette; as well as famous artists Paul Signac and Henri Matisse; and even filmmakers. But St. Tropez would not be the same without the belle du jour Brigitte Bardot, her movies and lovers and many other famous couples including Annabel and Bernard Buffet and Bianca and Mick Jagger.<\/p>\n<p>St. Tropez Soleil guides readers through its legendary past and ever-changing present. Featuring annual highlights such as Les Bravades and Les Voiles de Saint-Tropez, as well as exclusive events such as a <a href=\"https:\/\/www.koffietafelboeken.nl\/en\/theme\/chanel-books\">Chanel<\/a> <a href=\"https:\/\/www.koffietafelboeken.nl\/en\/fashion-books\">fashion show<\/a> at the typically Tropezian S\u00e9n\u00e9quier caf\u00e9 and the White Party at Nikki Beach, started by Naomi Campbell. But despite all the changes, the spirit of St. Tropez remains the same, and this volume is an ode to the unique joie de vivre that keeps everyone coming back.<\/p>\n<p class=\"p1\"><b>Specifications<br \/>\n<\/b>Title: St. Tropez Soleil<br \/>\nAuthor: Simon Liberati<br \/>\nPublisher: <a href=\"\/en\/brands\/assouline-books\">Assouline<\/a><br \/>\nSize: 246 x 330 x 39 mm<br \/>\nSize: 300 pages<br \/>\nWeight: 6610 grams<br \/>\nLanguage: English<br \/>\nMaterial: Hardcover<br \/>\nISBN: 9781614289456<\/p>","protected":false},"excerpt":{"rendered":"<p>The legend of St. Tropez begins with a dog, a rooster and a martyr and leads to movie stars, world-famous artists and prominent writers. Located on the sparkling French Riviera, St. Tropez has been in the spotlight, for better or worse, for more than half a century. Celebrities flock to this idyllic town for its beaches and a [...]<\/p>","protected":false},"featured_media":11901,"template":"","meta":{"_acf_changed":false},"product_brand":[929],"product_cat":[801],"product_tag":[],"giftcard-category":[],"merken":[813],"thema":[874],"class_list":{"0":"post-11898","1":"product","2":"type-product","3":"status-publish","4":"has-post-thumbnail","6":"product_brand-assouline","7":"product_cat-reisboeken","8":"merken-assouline-boeken","9":"thema-chanel-boeken","11":"first","12":"instock","13":"taxable","14":"shipping-taxable","15":"purchasable","16":"product-type-simple"},"acf":[],"_links":{"self":[{"href":"https:\/\/www.koffietafelboeken.nl\/en\/wp-json\/wp\/v2\/product\/11898","targetHints":{"allow":["GET"]}}],"collection":[{"href":"https:\/\/www.koffietafelboeken.nl\/en\/wp-json\/wp\/v2\/product"}],"about":[{"href":"https:\/\/www.koffietafelboeken.nl\/en\/wp-json\/wp\/v2\/types\/product"}],"wp:featuredmedia":[{"embeddable":true,"href":"https:\/\/www.koffietafelboeken.nl\/en\/wp-json\/wp\/v2\/media\/11901"}],"wp:attachment":[{"href":"https:\/\/www.koffietafelboeken.nl\/en\/wp-json\/wp\/v2\/media?parent=11898"}],"wp:term":[{"taxonomy":"product_brand","embeddable":true,"href":"https:\/\/www.koffietafelboeken.nl\/en\/wp-json\/wp\/v2\/product_brand?post=11898"},{"taxonomy":"product_cat","embeddable":true,"href":"https:\/\/www.koffietafelboeken.nl\/en\/wp-json\/wp\/v2\/product_cat?post=11898"},{"taxonomy":"product_tag","embeddable":true,"href":"https:\/\/www.koffietafelboeken.nl\/en\/wp-json\/wp\/v2\/product_tag?post=11898"},{"taxonomy":"giftcard-category","embeddable":true,"href":"https:\/\/www.koffietafelboeken.nl\/en\/wp-json\/wp\/v2\/giftcard-category?post=11898"},{"taxonomy":"merken","embeddable":true,"href":"https:\/\/www.koffietafelboeken.nl\/en\/wp-json\/wp\/v2\/merken?post=11898"},{"taxonomy":"thema","embeddable":true,"href":"https:\/\/www.koffietafelboeken.nl\/en\/wp-json\/wp\/v2\/thema?post=11898"}],"curies":[{"name":"wp","href":"https:\/\/api.w.org\/{rel}","templated":true}]}}