{"id":12031,"date":"2023-06-07T17:47:23","date_gmt":"2023-06-07T17:47:23","guid":{"rendered":"https:\/\/www.koffietafelboeken.nl\/?post_type=product&#038;p=12031"},"modified":"2026-01-03T11:00:26","modified_gmt":"2026-01-03T11:00:26","slug":"assouline-sicily-honor","status":"publish","type":"product","link":"https:\/\/www.koffietafelboeken.nl\/en\/product\/assouline-sicily-honor","title":{"rendered":"Assouline: Sicily Honor"},"content":{"rendered":"<p><strong>Delve into the magical world of Sicily, an island that has been the scene of legends, passions and unparalleled cultural diversity over the centuries. Sicily's influence ranges from ancient myths to contemporary films, and echoes of its rich past still resonate in the present.<\/strong><\/p>\n<p><strong>Taormina: Where luxury meets history<br \/>\n<\/strong>Imagine waking up in the luxurious Villa Sant'Andrea or the Grand Hotel Timeo, both located in picturesque Taormina. From your balcony you'll have breathtaking views of the sparkling Mediterranean Sea. And as icing on the cake, the Grand Hotel Timeo is just steps from an ancient Greek theater and the majestic volcano Etna.<\/p>\n<p><strong>Sicily: A melting pot of cultures<br \/>\n<\/strong>Located in the beating heart of the Mediterranean, Sicily is a true witness to a rich history of invasions and dominations. These influences from the Middle East, Europe and Africa are evident in the <a href=\"https:\/\/www.koffietafelboeken.nl\/en\/interieur-architectuur-boeken\">architecture<\/a>, traditions and especially in the island's cuisine. Each Sicilian dish tells a story, a legend, a fusion of cultures that tantalizes the tongue and touches the soul.<\/p>\n<p><strong>The Magic of Sicily Honor<br \/>\n<\/strong>Flip through the pages of the Assouline book \"Sicily Honor\" and be swept away by the romance and mystique of this special island. Capturing the essence of Sicily's rich multiculturalism and legendary stories, this book offers readers an unforgettable journey through time and space. Discover why Sicily evokes so many emotions and why it is at the top of every world traveler's list.<\/p>\n<p><strong>Assouline Travel Series: Travel the world from your living room<br \/>\n<\/strong>With the <a href=\"https:\/\/www.koffietafelboeken.nl\/en\/blog\/top-5-assouline-books-that-every-book-lover-must-have\">Assouline<\/a> Travel Series <a href=\"https:\/\/www.koffietafelboeken.nl\/en\/coffee-table-books\">coffee table books<\/a> the world is brought to your living room. Each book is an ode to a destination, captured in rich text and enchanting photographs that perfectly capture the soul and style of each place.<\/p>\n<p>Sicily is not just a destination; it is an experience, a feeling, a story waiting to be told. And with \"Sicily Honor,\" that story is brought to life.<\/p>\n<p><strong>Specifications<\/strong><\/p>\n<p class=\"p1\">Title: Sicily Honor<br \/>\nPublisher: <a href=\"\/en\/brands\/assouline-books\">Assouline<\/a><br \/>\nAuthor: Gianni Riotta<br \/>\nSize: 248 x 330 x 38 mm<br \/>\nSize: 304 pages<br \/>\nWeight: 3 kg<br \/>\nLanguage: English<br \/>\nMaterial: Hardcover<br \/>\nISBN: 9781649802170<\/p>","protected":false},"excerpt":{"rendered":"<p>Duik in de magische wereld van Sicili\u00eb, een eiland dat door de eeuwen heen het toneel is geweest van legendes, passies en een onge\u00ebvenaarde culturele diversiteit. Sicili\u00eb&#8217;s invloed strekt zich uit van oude mythen tot hedendaagse films, en de echo&#8217;s van zijn rijke verleden resoneren nog steeds in het heden. Taormina: Waar luxe en geschiedenis [&hellip;]<\/p>","protected":false},"featured_media":12634,"template":"","meta":{"_acf_changed":false},"product_brand":[929],"product_cat":[801],"product_tag":[],"giftcard-category":[],"merken":[813],"thema":[931],"class_list":{"0":"post-12031","1":"product","2":"type-product","3":"status-publish","4":"has-post-thumbnail","6":"product_brand-assouline","7":"product_cat-reisboeken","8":"merken-assouline-boeken","9":"thema-boeken-over-italie","11":"first","12":"instock","13":"taxable","14":"shipping-taxable","15":"purchasable","16":"product-type-simple"},"acf":[],"_links":{"self":[{"href":"https:\/\/www.koffietafelboeken.nl\/en\/wp-json\/wp\/v2\/product\/12031","targetHints":{"allow":["GET"]}}],"collection":[{"href":"https:\/\/www.koffietafelboeken.nl\/en\/wp-json\/wp\/v2\/product"}],"about":[{"href":"https:\/\/www.koffietafelboeken.nl\/en\/wp-json\/wp\/v2\/types\/product"}],"wp:featuredmedia":[{"embeddable":true,"href":"https:\/\/www.koffietafelboeken.nl\/en\/wp-json\/wp\/v2\/media\/12634"}],"wp:attachment":[{"href":"https:\/\/www.koffietafelboeken.nl\/en\/wp-json\/wp\/v2\/media?parent=12031"}],"wp:term":[{"taxonomy":"product_brand","embeddable":true,"href":"https:\/\/www.koffietafelboeken.nl\/en\/wp-json\/wp\/v2\/product_brand?post=12031"},{"taxonomy":"product_cat","embeddable":true,"href":"https:\/\/www.koffietafelboeken.nl\/en\/wp-json\/wp\/v2\/product_cat?post=12031"},{"taxonomy":"product_tag","embeddable":true,"href":"https:\/\/www.koffietafelboeken.nl\/en\/wp-json\/wp\/v2\/product_tag?post=12031"},{"taxonomy":"giftcard-category","embeddable":true,"href":"https:\/\/www.koffietafelboeken.nl\/en\/wp-json\/wp\/v2\/giftcard-category?post=12031"},{"taxonomy":"merken","embeddable":true,"href":"https:\/\/www.koffietafelboeken.nl\/en\/wp-json\/wp\/v2\/merken?post=12031"},{"taxonomy":"thema","embeddable":true,"href":"https:\/\/www.koffietafelboeken.nl\/en\/wp-json\/wp\/v2\/thema?post=12031"}],"curies":[{"name":"wp","href":"https:\/\/api.w.org\/{rel}","templated":true}]}}