{"id":14067,"date":"2023-08-26T14:27:42","date_gmt":"2023-08-26T14:27:42","guid":{"rendered":"https:\/\/www.koffietafelboeken.nl\/?post_type=product&#038;p=14067"},"modified":"2025-04-09T12:35:57","modified_gmt":"2025-04-09T12:35:57","slug":"sebastiao-salgado-amazonia","status":"publish","type":"product","link":"https:\/\/www.koffietafelboeken.nl\/en\/product\/sebastiao-salgado-amazonia","title":{"rendered":"Sebasti\u00e3o Salgado. Amaz\u00f4nia"},"content":{"rendered":"<p><strong>Sebasti\u00e3o Salgado traveled through the Brazilian Amazon and spent six years photographing the unparalleled beauty of this extraordinary area: the forest, the rivers, the mountains, the people who live there - an irreplaceable treasure of humanity.<\/strong><\/p>\n<p>In the book's preface, Salgado writes, \"For me, this is the final frontier, a mysterious universe of its own, where the immense power of nature can be felt like nowhere else on earth. Here is a forest that extends to infinity and contains a tenth of all living plant and animal species, the largest natural laboratory in the world.\"<\/p>\n<p>Salgado visited a dozen indigenous tribes living in small communities scattered throughout the world's largest tropical rainforest. He documented the daily lives of the Yanomami, the Ash\u00e1ninka, the Yawanaw\u00e1, the Suruwah\u00e1, the Zo'\u00e9, the Kuikuro, the Waur\u00e1, the Kamayur\u00e1, the Korubo, the Marubo, the Aw\u00e1 and the Macuxi--their warm family ties, their hunting and fishing, the way they prepare and share meals, their prodigious talent for painting their faces and bodies, the significance of their shamans and their dances and rituals.<\/p>\n<p>Sebasti\u00e3o Salgado dedicated this book to the indigenous peoples of the Amazon region of Brazil: \"My wish, with all my heart, with all my energy, with all the passion I possess, is that 50 years from now this book will not look like an account of a lost world. Amaz\u00f4nia must live on.\"<\/p>\n<p class=\"p1\"><strong>Specifications<\/strong><br \/>\nTitle: Sebasti\u00e3o Salgado. Amaz\u00f4nia<br \/>\nPublisher: Taschen<br \/>\nSize: 277 x 363 x 49 mm<br \/>\nSize: 528 pages<br \/>\nWeight: 4102 grams<br \/>\nLanguage: English<br \/>\nMaterial: Hardcover<br \/>\nISBN: 9783836585101<\/p>","protected":false},"excerpt":{"rendered":"<p>Sebasti\u00e3o Salgado traveled through the Brazilian Amazon, spending six years photographing the unparalleled beauty of this extraordinary area: the forest, the rivers, the mountains, the people who live there - an irreplaceable treasure of humanity. In the book's preface, Salgado writes: \"For me, this is the last frontier, a mysterious frontier of its own [...].<\/p>","protected":false},"featured_media":14088,"template":"","meta":{"_acf_changed":false},"product_brand":[],"product_cat":[899],"product_tag":[],"giftcard-category":[],"merken":[727],"thema":[],"class_list":{"0":"post-14067","1":"product","2":"type-product","3":"status-publish","4":"has-post-thumbnail","6":"product_cat-natuurfotografie-boeken","7":"merken-taschen-boeken","9":"first","10":"instock","11":"taxable","12":"shipping-taxable","13":"purchasable","14":"product-type-simple"},"acf":[],"_links":{"self":[{"href":"https:\/\/www.koffietafelboeken.nl\/en\/wp-json\/wp\/v2\/product\/14067","targetHints":{"allow":["GET"]}}],"collection":[{"href":"https:\/\/www.koffietafelboeken.nl\/en\/wp-json\/wp\/v2\/product"}],"about":[{"href":"https:\/\/www.koffietafelboeken.nl\/en\/wp-json\/wp\/v2\/types\/product"}],"wp:featuredmedia":[{"embeddable":true,"href":"https:\/\/www.koffietafelboeken.nl\/en\/wp-json\/wp\/v2\/media\/14088"}],"wp:attachment":[{"href":"https:\/\/www.koffietafelboeken.nl\/en\/wp-json\/wp\/v2\/media?parent=14067"}],"wp:term":[{"taxonomy":"product_brand","embeddable":true,"href":"https:\/\/www.koffietafelboeken.nl\/en\/wp-json\/wp\/v2\/product_brand?post=14067"},{"taxonomy":"product_cat","embeddable":true,"href":"https:\/\/www.koffietafelboeken.nl\/en\/wp-json\/wp\/v2\/product_cat?post=14067"},{"taxonomy":"product_tag","embeddable":true,"href":"https:\/\/www.koffietafelboeken.nl\/en\/wp-json\/wp\/v2\/product_tag?post=14067"},{"taxonomy":"giftcard-category","embeddable":true,"href":"https:\/\/www.koffietafelboeken.nl\/en\/wp-json\/wp\/v2\/giftcard-category?post=14067"},{"taxonomy":"merken","embeddable":true,"href":"https:\/\/www.koffietafelboeken.nl\/en\/wp-json\/wp\/v2\/merken?post=14067"},{"taxonomy":"thema","embeddable":true,"href":"https:\/\/www.koffietafelboeken.nl\/en\/wp-json\/wp\/v2\/thema?post=14067"}],"curies":[{"name":"wp","href":"https:\/\/api.w.org\/{rel}","templated":true}]}}