{"id":15997,"date":"2023-11-03T23:54:51","date_gmt":"2023-11-03T23:54:51","guid":{"rendered":"https:\/\/www.koffietafelboeken.nl\/?post_type=product&#038;p=15997"},"modified":"2025-04-09T12:35:13","modified_gmt":"2025-04-09T12:35:13","slug":"ezra-petronio-visual-thinking-image-making","status":"publish","type":"product","link":"https:\/\/www.koffietafelboeken.nl\/en\/product\/ezra-petronio-visual-thinking-image-making","title":{"rendered":"Ezra Petronio: Visual Thinking &amp; Image Making"},"content":{"rendered":"<p><strong>The first comprehensive monograph on the work of one of the world's most influential art directors, Ezra Petronio Having a strong brand identity has never been more important than it is today, and yet few true creative visionaries can transform and revitalize a brand.<\/strong><\/p>\n<p>Ezra Petronio is a true master and his work with leading fashion and beauty brands is bold and impactful. This book is a compelling visual overview of 25 years of impactful art direction, product design and image making, with examples from across his oeuvre. It includes work for Chanel, Chlo\u00e9, Comme des Gar\u00e7ons, Gucci, Herm\u00e8s, Louis Vuitton, Prada, Saint Laurent and Jil Sander, as well as Glossier, H&amp;M, Revlon and Zara.<\/p>\n<p>With 1,000 images from advertising campaigns, branding, Self Service magazine spreads, graphics and his Polaroid series, which features Louise Bourgeois, Edward Enninful, Kim Kardashian, Kylian Mbapp\u00e9, Kylie Minogue, Rick Owens and Juergen Teller, among others, it also includes texts reflecting on the process of creating images; interviews with industry insiders on the art of art direction; and quotes from the likes of Honey Dijon, Marc Jacobs and Chlo\u00eb Sevigny on their creative process.<\/p>\n<p>The first retrospective monograph on his career, this impressive coffee-table book illustrates the full breadth of his creative vision, from advertising campaigns to his iconic Polaroid series, and shows what it takes to make a brand truly stand out.<\/p>\n<p><strong>About Ezra Petronio<\/strong><br \/>\nEzra Petronio is the New York-born and Paris-based founder and creative director of the multidisciplinary creative and strategic agency Petronio Associates, founded in 1993. Since 1994, he has been editor-in-chief and creative director of the cult biennial fashion magazine Self Service. Petronio is also a highly respected photographer and runs Content Matters, an agency specializing in digital marketing and brand storytelling.<\/p>\n<p><iframe title=\"Ezra Petronio: Visual Thinking book\" src=\"https:\/\/www.youtube.com\/embed\/D0jAg-gfQEE\" width=\"354\" height=\"630\" frameborder=\"0\" allowfullscreen=\"allowfullscreen\"><\/iframe><\/p>\n<p><strong>Specifications<\/strong><br \/>\nTitle: Ezra Petronio: Visual Thinking &amp; Image Making<br \/>\nAuthor: Ezra Petronio<br \/>\nPublisher: <a href=\"\/en\/brands\/phaidon\">Phaidon<\/a><br \/>\nSize: 340 \u00d7 270 mm<br \/>\nSize: 424 pages<br \/>\nWeight: 2.7 kg<br \/>\nLanguage: English<br \/>\nMaterial: Hardcover<br \/>\nISBN: 9781838667122<\/p>","protected":false},"excerpt":{"rendered":"<p>De eerste uitgebreide monografie over het werk van een van &#8217;s werelds meest invloedrijke art directors, Ezra Petronio Het hebben van een sterke merkidentiteit is nog nooit zo belangrijk geweest als nu, en toch zijn er maar weinig echte creatieve visionairs die een merk kunnen transformeren en nieuw leven inblazen. Ezra Petronio is een ware [&hellip;]<\/p>\n","protected":false},"featured_media":16007,"template":"","meta":{"_acf_changed":false},"product_brand":[],"product_cat":[809],"product_tag":[],"giftcard-category":[],"merken":[715],"thema":[],"class_list":{"0":"post-15997","1":"product","2":"type-product","3":"status-publish","4":"has-post-thumbnail","6":"product_cat-mode-boeken","7":"merken-phaidon-boeken","9":"first","10":"instock","11":"taxable","12":"shipping-taxable","13":"purchasable","14":"product-type-simple"},"acf":[],"_links":{"self":[{"href":"https:\/\/www.koffietafelboeken.nl\/en\/wp-json\/wp\/v2\/product\/15997","targetHints":{"allow":["GET"]}}],"collection":[{"href":"https:\/\/www.koffietafelboeken.nl\/en\/wp-json\/wp\/v2\/product"}],"about":[{"href":"https:\/\/www.koffietafelboeken.nl\/en\/wp-json\/wp\/v2\/types\/product"}],"wp:featuredmedia":[{"embeddable":true,"href":"https:\/\/www.koffietafelboeken.nl\/en\/wp-json\/wp\/v2\/media\/16007"}],"wp:attachment":[{"href":"https:\/\/www.koffietafelboeken.nl\/en\/wp-json\/wp\/v2\/media?parent=15997"}],"wp:term":[{"taxonomy":"product_brand","embeddable":true,"href":"https:\/\/www.koffietafelboeken.nl\/en\/wp-json\/wp\/v2\/product_brand?post=15997"},{"taxonomy":"product_cat","embeddable":true,"href":"https:\/\/www.koffietafelboeken.nl\/en\/wp-json\/wp\/v2\/product_cat?post=15997"},{"taxonomy":"product_tag","embeddable":true,"href":"https:\/\/www.koffietafelboeken.nl\/en\/wp-json\/wp\/v2\/product_tag?post=15997"},{"taxonomy":"giftcard-category","embeddable":true,"href":"https:\/\/www.koffietafelboeken.nl\/en\/wp-json\/wp\/v2\/giftcard-category?post=15997"},{"taxonomy":"merken","embeddable":true,"href":"https:\/\/www.koffietafelboeken.nl\/en\/wp-json\/wp\/v2\/merken?post=15997"},{"taxonomy":"thema","embeddable":true,"href":"https:\/\/www.koffietafelboeken.nl\/en\/wp-json\/wp\/v2\/thema?post=15997"}],"curies":[{"name":"wp","href":"https:\/\/api.w.org\/{rel}","templated":true}]}}