{"id":16254,"date":"2023-11-16T23:01:50","date_gmt":"2023-11-16T23:01:50","guid":{"rendered":"https:\/\/www.koffietafelboeken.nl\/?post_type=product&#038;p=16254"},"modified":"2026-03-03T21:33:18","modified_gmt":"2026-03-03T21:33:18","slug":"yves-saint-laurent-and-art-coffee-table-book","status":"publish","type":"product","link":"https:\/\/www.koffietafelboeken.nl\/en\/product\/yves-saint-laurent-and-art-coffee-table-book","title":{"rendered":"Yves Saint Laurent and Art"},"content":{"rendered":"<p><strong>From the ancient world to pop art, Yves Saint Laurent regularly drew inspiration from art history when combining colors, carving out new shapes and rethinking the structure of garments to create his own masterpieces.<\/strong><\/p>\n<p>Combining his creations with works of art from the collections of five major Parisian institutions - the Mus\u00e9e d'Orsay, the Louvre, the Centre Pompidou, the Mus\u00e9e d'Art Moderne de Paris and the Mus\u00e9e National Picasso - this book explores the couturier's homages to the masters of art and his never-ending search for new modes of aesthetic expression. Androgynous silhouettes and Proustian dresses stand alongside the elegance of Impressionism; a coat with feathers responds to the drop paintings of Jackson Pollock; flowing silhouettes merge with a mural by Raoul Dufy; Lucio Fontana's neon lights make metallic fabrics sparkle; and bold appliqu\u00e9 motifs echo Henri Matisse's The Dance.<\/p>\n<p>The coffee table book \"Yves Saint Laurent and Art\" presents an unforgettable journey through art history with Yves Saint Laurent as its guide.<\/p>\n<p><strong>Specifications<\/strong><br \/>\nTitle: Yves Saint Laurent and Art<br \/>\nAuthor: Mouna Mekour, Stephan Janson, Madison Cox<br \/>\nPublisher: <a href=\"\/en\/brands\/thames-hudson\">Thames &amp; Hudson<\/a><br \/>\nSize: 285 x 220 x 34 mm<br \/>\nSize: 304 pages<br \/>\nWeight: 1920 grams<br \/>\nLanguage: English<br \/>\nMaterial: Hardcover<br \/>\nISBN : 9780500025444<\/p>","protected":false},"excerpt":{"rendered":"<p>Van de oude wereld tot popart, Yves Saint Laurent liet zich regelmatig inspireren door de kunstgeschiedenis bij het combineren van kleuren, het uitsnijden van nieuwe vormen en het heroverwegen van de structuur van kledingstukken om zijn eigen meesterwerken te cre\u00ebren. Door zijn creaties te combineren met kunstwerken uit de collecties van vijf grote Parijse instellingen [&hellip;]<\/p>\n","protected":false},"featured_media":16255,"template":"","meta":{"_acf_changed":false},"product_brand":[],"product_cat":[809],"product_tag":[],"giftcard-category":[],"merken":[],"thema":[934],"class_list":{"0":"post-16254","1":"product","2":"type-product","3":"status-publish","4":"has-post-thumbnail","6":"product_cat-mode-boeken","7":"thema-yves-saint-laurent-boeken","9":"first","10":"outofstock","11":"taxable","12":"shipping-taxable","13":"purchasable","14":"product-type-simple"},"acf":[],"_links":{"self":[{"href":"https:\/\/www.koffietafelboeken.nl\/en\/wp-json\/wp\/v2\/product\/16254","targetHints":{"allow":["GET"]}}],"collection":[{"href":"https:\/\/www.koffietafelboeken.nl\/en\/wp-json\/wp\/v2\/product"}],"about":[{"href":"https:\/\/www.koffietafelboeken.nl\/en\/wp-json\/wp\/v2\/types\/product"}],"wp:featuredmedia":[{"embeddable":true,"href":"https:\/\/www.koffietafelboeken.nl\/en\/wp-json\/wp\/v2\/media\/16255"}],"wp:attachment":[{"href":"https:\/\/www.koffietafelboeken.nl\/en\/wp-json\/wp\/v2\/media?parent=16254"}],"wp:term":[{"taxonomy":"product_brand","embeddable":true,"href":"https:\/\/www.koffietafelboeken.nl\/en\/wp-json\/wp\/v2\/product_brand?post=16254"},{"taxonomy":"product_cat","embeddable":true,"href":"https:\/\/www.koffietafelboeken.nl\/en\/wp-json\/wp\/v2\/product_cat?post=16254"},{"taxonomy":"product_tag","embeddable":true,"href":"https:\/\/www.koffietafelboeken.nl\/en\/wp-json\/wp\/v2\/product_tag?post=16254"},{"taxonomy":"giftcard-category","embeddable":true,"href":"https:\/\/www.koffietafelboeken.nl\/en\/wp-json\/wp\/v2\/giftcard-category?post=16254"},{"taxonomy":"merken","embeddable":true,"href":"https:\/\/www.koffietafelboeken.nl\/en\/wp-json\/wp\/v2\/merken?post=16254"},{"taxonomy":"thema","embeddable":true,"href":"https:\/\/www.koffietafelboeken.nl\/en\/wp-json\/wp\/v2\/thema?post=16254"}],"curies":[{"name":"wp","href":"https:\/\/api.w.org\/{rel}","templated":true}]}}