{"id":20161,"date":"2024-05-18T13:39:34","date_gmt":"2024-05-18T13:39:34","guid":{"rendered":"https:\/\/www.koffietafelboeken.nl\/?post_type=product&#038;p=20161"},"modified":"2025-04-09T12:32:45","modified_gmt":"2025-04-09T12:32:45","slug":"the-cartier-tank-watch-9782080281883","status":"publish","type":"product","link":"https:\/\/www.koffietafelboeken.nl\/en\/product\/the-cartier-tank-watch-9782080281883","title":{"rendered":"The Cartier Tank Watch"},"content":{"rendered":"<p><strong>Designed by Louis Cartier in 1917, the Tank watch is an icon of modern horology. The refined design of this wristwatch, a combination of geometry and harmony, defines its strong identity. Instantly recognizable and always in step with the times, the Tank watch has been reinterpreted for more than a century through multiple variations that always remain true to the spirit of the original design, from the Tank Cintr\u00e9e to the Tank Chinoise, and from the Tank Am\u00e9ricaine to the Tank Fran\u00e7aise.<\/strong><\/p>\n<blockquote><p><em>\"This beautiful Cartier book honors the French watch brand's iconic Tank model and is a must-have for any watch lover. It offers a journey into the heart of the legend.\" - koffietafelboeken.nl.<\/em><\/p><\/blockquote>\n<p>With extensive archival documents and never-before-published photographs, the coffee table book \"The Cartier Tank Watch,\" through the passionate pen of watch expert Franco Cologni, reveals the most important Tank timepieces, their technical characteristics and the famous customers who have been seduced by the timeless watch over time.<\/p>\n<p><strong>Specifications<\/strong><br \/>\nTitle: The Cartier Tank Watch<br \/>\nAuthor: Franco Cologni<br \/>\nPublisher: Flammarion<br \/>\nSize: 285 x 247 x 31 mm<br \/>\nSize: 232 pages<br \/>\nWeight: 1830 grams<br \/>\nLanguage: English<br \/>\nMaterial: Hardcover<br \/>\nISBN: 9782080281883<\/p>","protected":false},"excerpt":{"rendered":"<p>Het Tank horloge werd in 1917 ontworpen door Louis Cartier en is een icoon van de moderne horlogerie. Het verfijnde ontwerp van dit polshorloge, een combinatie van geometrie en harmonie, definieert zijn sterke identiteit. Onmiddellijk herkenbaar en altijd in de pas met de tijd, is de Tank horloge geherinterpreteerd voor meer dan een eeuw door [&hellip;]<\/p>\n","protected":false},"featured_media":20162,"template":"","meta":{"_acf_changed":false},"product_brand":[],"product_cat":[891],"product_tag":[],"giftcard-category":[],"merken":[],"thema":[],"class_list":{"0":"post-20161","1":"product","2":"type-product","3":"status-publish","4":"has-post-thumbnail","6":"product_cat-horloge-boeken","8":"first","9":"instock","10":"taxable","11":"shipping-taxable","12":"purchasable","13":"product-type-simple"},"acf":[],"_links":{"self":[{"href":"https:\/\/www.koffietafelboeken.nl\/en\/wp-json\/wp\/v2\/product\/20161","targetHints":{"allow":["GET"]}}],"collection":[{"href":"https:\/\/www.koffietafelboeken.nl\/en\/wp-json\/wp\/v2\/product"}],"about":[{"href":"https:\/\/www.koffietafelboeken.nl\/en\/wp-json\/wp\/v2\/types\/product"}],"wp:featuredmedia":[{"embeddable":true,"href":"https:\/\/www.koffietafelboeken.nl\/en\/wp-json\/wp\/v2\/media\/20162"}],"wp:attachment":[{"href":"https:\/\/www.koffietafelboeken.nl\/en\/wp-json\/wp\/v2\/media?parent=20161"}],"wp:term":[{"taxonomy":"product_brand","embeddable":true,"href":"https:\/\/www.koffietafelboeken.nl\/en\/wp-json\/wp\/v2\/product_brand?post=20161"},{"taxonomy":"product_cat","embeddable":true,"href":"https:\/\/www.koffietafelboeken.nl\/en\/wp-json\/wp\/v2\/product_cat?post=20161"},{"taxonomy":"product_tag","embeddable":true,"href":"https:\/\/www.koffietafelboeken.nl\/en\/wp-json\/wp\/v2\/product_tag?post=20161"},{"taxonomy":"giftcard-category","embeddable":true,"href":"https:\/\/www.koffietafelboeken.nl\/en\/wp-json\/wp\/v2\/giftcard-category?post=20161"},{"taxonomy":"merken","embeddable":true,"href":"https:\/\/www.koffietafelboeken.nl\/en\/wp-json\/wp\/v2\/merken?post=20161"},{"taxonomy":"thema","embeddable":true,"href":"https:\/\/www.koffietafelboeken.nl\/en\/wp-json\/wp\/v2\/thema?post=20161"}],"curies":[{"name":"wp","href":"https:\/\/api.w.org\/{rel}","templated":true}]}}