{"id":22073,"date":"2024-07-16T20:30:50","date_gmt":"2024-07-16T20:30:50","guid":{"rendered":"https:\/\/www.koffietafelboeken.nl\/?post_type=product&#038;p=22073"},"modified":"2025-09-30T14:19:36","modified_gmt":"2025-09-30T14:19:36","slug":"vogue-paris-100-years-9781419761485","status":"publish","type":"product","link":"https:\/\/www.koffietafelboeken.nl\/en\/product\/vogue-paris-100-years-9781419761485","title":{"rendered":"Vogue Paris 100 Years"},"content":{"rendered":"<p><strong>The coffee table book \"Vogue Paris 100 Years\" presents the visually appealing history of 100 years of Vogue Paris, the French edition of the iconic, internationally renowned fashion magazine.<\/strong><\/p>\n<p>Always a defender of artistic and literary creation, Vogue Paris, more than other publications, makes fashion a cultural and social subject and an object of fantasy. Through photographs, drawings and magazines, Sylvie L\u00e9callier's book shows how Vogue Paris plays an important and unique role in the spread of Parisian style.<\/p>\n<p><strong>About Sylvie L\u00e9callier<\/strong><br \/>\nSylvie L\u00e9callier graduated from the \u00c9cole Nationale Sup\u00e9rieure de la Photographie in 1993. Since 2000, she has been in charge of the Galliera photo collection at the Mus\u00e9e de la Mode de la ville de Paris. She is the author of several books, including Coming into Fashion.<\/p>\n<p><b>Specifications<\/b><br \/>\nTitle: Vogue Paris 100 Years<br \/>\nAuthor: Sylvie L\u00e9callier<br \/>\nPublisher: Abrams<br \/>\nSize: 314 x 253 x 31 mm<br \/>\nSize: 296 pages<br \/>\nWeight: 1946 grams<br \/>\nLanguage: English<br \/>\nMaterial: Hardcover<br \/>\nISBN: 9781419761485<\/p>","protected":false},"excerpt":{"rendered":"<p>The coffee table book \"Vogue Paris 100 Years\" presents the visually appealing history of 100 years of Vogue Paris, the French edition of the iconic, internationally renowned fashion magazine. Always an advocate of artistic and literary creation, Vogue Paris, more than other publications, makes fashion a cultural and social subject and an object of fantasy. On the basis [...]<\/p>","protected":false},"featured_media":22084,"template":"","meta":{"_acf_changed":false},"product_brand":[],"product_cat":[182],"product_tag":[],"giftcard-category":[],"merken":[894],"thema":[],"class_list":{"0":"post-22073","1":"product","2":"type-product","3":"status-publish","4":"has-post-thumbnail","6":"product_cat-fotografie-boeken","7":"merken-abrams-boeken","9":"first","10":"outofstock","11":"taxable","12":"shipping-taxable","13":"purchasable","14":"product-type-simple"},"acf":[],"_links":{"self":[{"href":"https:\/\/www.koffietafelboeken.nl\/en\/wp-json\/wp\/v2\/product\/22073","targetHints":{"allow":["GET"]}}],"collection":[{"href":"https:\/\/www.koffietafelboeken.nl\/en\/wp-json\/wp\/v2\/product"}],"about":[{"href":"https:\/\/www.koffietafelboeken.nl\/en\/wp-json\/wp\/v2\/types\/product"}],"wp:featuredmedia":[{"embeddable":true,"href":"https:\/\/www.koffietafelboeken.nl\/en\/wp-json\/wp\/v2\/media\/22084"}],"wp:attachment":[{"href":"https:\/\/www.koffietafelboeken.nl\/en\/wp-json\/wp\/v2\/media?parent=22073"}],"wp:term":[{"taxonomy":"product_brand","embeddable":true,"href":"https:\/\/www.koffietafelboeken.nl\/en\/wp-json\/wp\/v2\/product_brand?post=22073"},{"taxonomy":"product_cat","embeddable":true,"href":"https:\/\/www.koffietafelboeken.nl\/en\/wp-json\/wp\/v2\/product_cat?post=22073"},{"taxonomy":"product_tag","embeddable":true,"href":"https:\/\/www.koffietafelboeken.nl\/en\/wp-json\/wp\/v2\/product_tag?post=22073"},{"taxonomy":"giftcard-category","embeddable":true,"href":"https:\/\/www.koffietafelboeken.nl\/en\/wp-json\/wp\/v2\/giftcard-category?post=22073"},{"taxonomy":"merken","embeddable":true,"href":"https:\/\/www.koffietafelboeken.nl\/en\/wp-json\/wp\/v2\/merken?post=22073"},{"taxonomy":"thema","embeddable":true,"href":"https:\/\/www.koffietafelboeken.nl\/en\/wp-json\/wp\/v2\/thema?post=22073"}],"curies":[{"name":"wp","href":"https:\/\/api.w.org\/{rel}","templated":true}]}}