{"id":23261,"date":"2024-09-18T21:37:36","date_gmt":"2024-09-18T21:37:36","guid":{"rendered":"https:\/\/www.koffietafelboeken.nl\/?post_type=product&#038;p=23261"},"modified":"2025-05-28T20:31:29","modified_gmt":"2025-05-28T20:31:29","slug":"jonathan-becker-lost-time","status":"publish","type":"product","link":"https:\/\/www.koffietafelboeken.nl\/en\/product\/jonathan-becker-lost-time","title":{"rendered":"Jonathan Becker: Lost Time"},"content":{"rendered":"<p><strong>The coffee table book \"Lost Time\" is the first retrospective monograph on photographer Jonathan Becker, one of the great visual storytellers of our time.<\/strong><\/p>\n<p>Over the course of five decades, Jonathan Becker has produced evocative photographic work documenting the lives of the twentieth-century beau monde. A prot\u00e9g\u00e9 of legendary Parisian photographer Brassa\u00ef and a longtime contributor to Vanity Fair, Becker's work offers a link between fine-art photography and the notion of the photographer as social observer.<\/p>\n<p>Bringing together commissioned and personal work, this stunning collection presents more than 200 photographs from Becker's career, charting his travels in New York, Paris, London and Buenos Aires from the 1970s to 2010. Portraits of artists Ed Ruscha and Cindy Sherman, writers Arthur Miller and Eudora Welty, musicians David Bowie and Mick Jagger and others reveal Becker's extraordinary eye and astute sociological observations.<\/p>\n<p>The monograph includes an introductory text by the book's editor, Mark Holborn, along with a narrative text by Becker about his life, travels and encounters with some of the most famous figures of the 20th century. This luxurious collection is brilliantly reproduced and packaged in a cloth cassette. It is a fascinating and essential book that showcases Becker as one of the most important chroniclers of our time.<\/p>\n<p><strong>Specifications<\/strong><br \/>\nTitle: Jonathan Becker: Lost Time<br \/>\nPublisher: <a href=\"\/en\/brands\/phaidon-books\">Phaidon<\/a><br \/>\nSize: 260 x 298 x 27 mm<br \/>\nSize: 328 pages<br \/>\nWeight: 2336 grams<br \/>\nLanguage: English<br \/>\nMaterial: Hardcover<br \/>\nISBN: 9781838668716<\/p>\n<p><em>koffietafelboeken.nl is a purveyor of\u00a0<a href=\"https:\/\/www.koffietafelboeken.nl\/en\/photography-books\">coffee table books<\/a>\u00a0featuring photography by the world's best-known photographers such as Helmut Newton, David Lachapelle,\u00a0<a href=\"https:\/\/www.koffietafelboeken.nl\/en\/theme\/anton-corbijn-books\">Anton Corbijn<\/a>, Peter Lindbergh and many others.\u00a0<\/em><\/p>","protected":false},"excerpt":{"rendered":"<p>Het koffietafelboek &#8216;Lost Time&#8217; is de eerste retrospectieve monografie over fotograaf Jonathan Becker, een van de grote visuele verhalenvertellers van onze tijd. In de loop van vijf decennia heeft Jonathan Becker suggestief fotowerk geproduceerd dat het leven van de twintigste-eeuwse beau monde documenteert. Als proteg\u00e9 van de legendarische Parijse fotograaf Brassa\u00ef en een lange tijd [&hellip;]<\/p>\n","protected":false},"featured_media":23272,"template":"","meta":{"_acf_changed":false},"product_brand":[],"product_cat":[182],"product_tag":[],"giftcard-category":[],"merken":[715],"thema":[],"class_list":{"0":"post-23261","1":"product","2":"type-product","3":"status-publish","4":"has-post-thumbnail","6":"product_cat-fotografie-boeken","7":"merken-phaidon-boeken","9":"first","10":"instock","11":"taxable","12":"shipping-taxable","13":"purchasable","14":"product-type-simple"},"acf":[],"_links":{"self":[{"href":"https:\/\/www.koffietafelboeken.nl\/en\/wp-json\/wp\/v2\/product\/23261","targetHints":{"allow":["GET"]}}],"collection":[{"href":"https:\/\/www.koffietafelboeken.nl\/en\/wp-json\/wp\/v2\/product"}],"about":[{"href":"https:\/\/www.koffietafelboeken.nl\/en\/wp-json\/wp\/v2\/types\/product"}],"wp:featuredmedia":[{"embeddable":true,"href":"https:\/\/www.koffietafelboeken.nl\/en\/wp-json\/wp\/v2\/media\/23272"}],"wp:attachment":[{"href":"https:\/\/www.koffietafelboeken.nl\/en\/wp-json\/wp\/v2\/media?parent=23261"}],"wp:term":[{"taxonomy":"product_brand","embeddable":true,"href":"https:\/\/www.koffietafelboeken.nl\/en\/wp-json\/wp\/v2\/product_brand?post=23261"},{"taxonomy":"product_cat","embeddable":true,"href":"https:\/\/www.koffietafelboeken.nl\/en\/wp-json\/wp\/v2\/product_cat?post=23261"},{"taxonomy":"product_tag","embeddable":true,"href":"https:\/\/www.koffietafelboeken.nl\/en\/wp-json\/wp\/v2\/product_tag?post=23261"},{"taxonomy":"giftcard-category","embeddable":true,"href":"https:\/\/www.koffietafelboeken.nl\/en\/wp-json\/wp\/v2\/giftcard-category?post=23261"},{"taxonomy":"merken","embeddable":true,"href":"https:\/\/www.koffietafelboeken.nl\/en\/wp-json\/wp\/v2\/merken?post=23261"},{"taxonomy":"thema","embeddable":true,"href":"https:\/\/www.koffietafelboeken.nl\/en\/wp-json\/wp\/v2\/thema?post=23261"}],"curies":[{"name":"wp","href":"https:\/\/api.w.org\/{rel}","templated":true}]}}