{"id":23926,"date":"2024-10-22T06:55:56","date_gmt":"2024-10-22T06:55:56","guid":{"rendered":"https:\/\/www.koffietafelboeken.nl\/?post_type=product&#038;p=23926"},"modified":"2026-02-07T10:29:45","modified_gmt":"2026-02-07T10:29:45","slug":"hokusai","status":"publish","type":"product","link":"https:\/\/www.koffietafelboeken.nl\/en\/product\/hokusai","title":{"rendered":"Hokusai"},"content":{"rendered":"<p><strong>From ghostly spirits to seductive women, or the landscapes of Mount Fuji and the T\u014dkaid\u014d Road, Hokusai's woodcuts, paintings and book illustrations reveal a masterfully multifaceted career. The coffee table book \"Hokusai\" offers the most complete profile to date of Japan's foremost artist.<\/strong><\/p>\n<p>At the age of six, Hokusai is said to have made his first painting, and a year after his death at the age of 89, his designs for illustrated books were published posthumously. This publication follows a long, productive career and covers all of the artist's creative phases: from the actor portraits Hokusai began with to the 1,300 designs he created in his final years under the name Manji.<\/p>\n<p>This monograph includes both well-known and lesser-known, rarely reprinted works of art. The (nearly) complete Hokusai offers an unparalleled variety of subjects and techniques: from a landscape of the Kirifuri waterfall to large-format maps of the T\u014dkaid\u014d and Kisokaid\u014d roads and the B\u014ds\u014d Peninsula; spreads of illustrated books, from his sensual, imaginative erotica (shunga) to drawing manuals such as the 15-volume Hokusai manga; and various depictions of animals, from his various series of woodcuts on birds and flowers to his later hanging scroll paintings of ducks amid a flowing stream and a tiger hanging in the snow.<\/p>\n<p><strong>Specifications<\/strong><br \/>\nTitle: Hokusai<br \/>\nPublisher:\u00a0<a href=\"https:\/\/www.koffietafelboeken.nl\/en\/brands\/taschen-books\">TASCHEN<\/a><br \/>\nSize: 215 x 140 x 27 mm<br \/>\nSize: 722 pages<br \/>\nWeight: 6.18 kg<br \/>\nLanguage: English<br \/>\nMaterial: Hardcover<br \/>\nISBN: 9783836591881<\/p>\n<p><em>View our extensive range of luxury\u00a0<a href=\"https:\/\/www.koffietafelboeken.nl\/en\/art-books\">art books<\/a>\u00a0of the world's most famous old and new masters; from Rembrandt, Van Gogh, Vermeer, Warhol, KAWS, Hockney, Basquiat and many others.<\/em><\/p>","protected":false},"excerpt":{"rendered":"<p>Van spookachtige geesten tot verleidelijke vrouwen, of de landschappen van de berg Fuji en de T\u014dkaid\u014d-weg: de houtsneden, schilderijen en boekillustraties van Hokusai onthullen een meesterlijk veelzijdige carri\u00e8re. Het koffietafelboek &#8216;Hokusai&#8217; biedt het meest complete profiel tot nu toe van de meest vooraanstaande kunstenaar van Japan. Op zesjarige leeftijd zou Hokusai zijn eerste schilderij hebben [&hellip;]<\/p>\n","protected":false},"featured_media":37668,"template":"","meta":{"_acf_changed":false},"product_brand":[],"product_cat":[114],"product_tag":[],"giftcard-category":[],"merken":[727],"thema":[932],"class_list":{"0":"post-23926","1":"product","2":"type-product","3":"status-publish","4":"has-post-thumbnail","6":"product_cat-kunst-boeken","7":"merken-taschen-boeken","8":"thema-boeken-over-japan","10":"first","11":"instock","12":"taxable","13":"shipping-taxable","14":"purchasable","15":"product-type-simple"},"acf":[],"_links":{"self":[{"href":"https:\/\/www.koffietafelboeken.nl\/en\/wp-json\/wp\/v2\/product\/23926","targetHints":{"allow":["GET"]}}],"collection":[{"href":"https:\/\/www.koffietafelboeken.nl\/en\/wp-json\/wp\/v2\/product"}],"about":[{"href":"https:\/\/www.koffietafelboeken.nl\/en\/wp-json\/wp\/v2\/types\/product"}],"wp:featuredmedia":[{"embeddable":true,"href":"https:\/\/www.koffietafelboeken.nl\/en\/wp-json\/wp\/v2\/media\/37668"}],"wp:attachment":[{"href":"https:\/\/www.koffietafelboeken.nl\/en\/wp-json\/wp\/v2\/media?parent=23926"}],"wp:term":[{"taxonomy":"product_brand","embeddable":true,"href":"https:\/\/www.koffietafelboeken.nl\/en\/wp-json\/wp\/v2\/product_brand?post=23926"},{"taxonomy":"product_cat","embeddable":true,"href":"https:\/\/www.koffietafelboeken.nl\/en\/wp-json\/wp\/v2\/product_cat?post=23926"},{"taxonomy":"product_tag","embeddable":true,"href":"https:\/\/www.koffietafelboeken.nl\/en\/wp-json\/wp\/v2\/product_tag?post=23926"},{"taxonomy":"giftcard-category","embeddable":true,"href":"https:\/\/www.koffietafelboeken.nl\/en\/wp-json\/wp\/v2\/giftcard-category?post=23926"},{"taxonomy":"merken","embeddable":true,"href":"https:\/\/www.koffietafelboeken.nl\/en\/wp-json\/wp\/v2\/merken?post=23926"},{"taxonomy":"thema","embeddable":true,"href":"https:\/\/www.koffietafelboeken.nl\/en\/wp-json\/wp\/v2\/thema?post=23926"}],"curies":[{"name":"wp","href":"https:\/\/api.w.org\/{rel}","templated":true}]}}