{"id":24395,"date":"2024-10-31T10:49:51","date_gmt":"2024-10-31T10:49:51","guid":{"rendered":"https:\/\/www.koffietafelboeken.nl\/?post_type=product&#038;p=24395"},"modified":"2025-04-09T12:29:32","modified_gmt":"2025-04-09T12:29:32","slug":"modern-architecture-a-z","status":"publish","type":"product","link":"https:\/\/www.koffietafelboeken.nl\/en\/product\/modern-architecture-a-z","title":{"rendered":"Modern Architecture A-Z"},"content":{"rendered":"<p><strong>With 300 profiles of the key players in the creation of modern space, the TASCHEN coffee table book \"Modern Architecture A-Z\" provides an indispensable overview in architecture. Pioneering architects, covering modern architecture from the 19th to the 21st century, are each described with a portrait and brief biography, as well as a description of his or her significant work.<\/strong><\/p>\n<p>Like a tailored global architectural journey, this book lets you travel from skyscrapers in Manhattan to a Japanese concert hall, from Antoni Gaud\u00ed's Palau G\u00fcell in Barcelona to Lina Bo Bardi's sports and leisure center on a former factory site in S\u00e3o Paulo. You'll see the colorful geometries of Gio Ponti, the free-flowing futurism of Zaha Hadid, the bright interiors of SANAA and the unique blend of Scottish tradition and elegant Japonism of Charles Rennie Mackintosh.<\/p>\n<p>The book's A to Z entries also cover groups, movements and styles to place these leading individual architects within broader building trends through time and geography, including International Style, Bauhaus, De Stijl and more. With illustrations including some of the best architectural photography of the modern era, this is a comprehensive resource for any architecture professional, student or enthusiast.<\/p>\n<p><strong>Specifications<\/strong><br \/>\nTitle: Modern Architecture A-Z<br \/>\nPublisher:\u00a0<a href=\"https:\/\/www.koffietafelboeken.nl\/en\/brands\/taschen-books\">TASCHEN<\/a><br \/>\nSize: 264 x 350 x 53 mm<br \/>\nSize: 672 pages<br \/>\nWeight: 4254 grams<br \/>\nLanguage: English<br \/>\nMaterial: Hardcover<br \/>\nISBN: 9783836583169<\/p>\n<p><em>View our extensive range of luxury\u00a0<a href=\"https:\/\/www.koffietafelboeken.nl\/en\/interieur-architectuur-boeken\">architecture books<\/a>\u00a0of global architecture and urbanism with insider stories and breathtaking photo series of the most iconic buildings.<\/em><\/p>","protected":false},"excerpt":{"rendered":"<p>With 300 profiles of the key players in the creation of modern space, the TASCHEN coffee table book \"Modern Architecture A-Z\" provides an indispensable overview in architecture. Pioneering architects, covering modern architecture from the 19th to the 21st century, are each described with a portrait and brief biography, as well as a description of his or [...]<\/p>","protected":false},"featured_media":24396,"template":"","meta":{"_acf_changed":false},"product_brand":[],"product_cat":[897],"product_tag":[],"giftcard-category":[],"merken":[727],"thema":[],"class_list":{"0":"post-24395","1":"product","2":"type-product","3":"status-publish","4":"has-post-thumbnail","6":"product_cat-architectuur-boeken","7":"merken-taschen-boeken","9":"first","10":"instock","11":"taxable","12":"shipping-taxable","13":"purchasable","14":"product-type-simple"},"acf":[],"_links":{"self":[{"href":"https:\/\/www.koffietafelboeken.nl\/en\/wp-json\/wp\/v2\/product\/24395","targetHints":{"allow":["GET"]}}],"collection":[{"href":"https:\/\/www.koffietafelboeken.nl\/en\/wp-json\/wp\/v2\/product"}],"about":[{"href":"https:\/\/www.koffietafelboeken.nl\/en\/wp-json\/wp\/v2\/types\/product"}],"wp:featuredmedia":[{"embeddable":true,"href":"https:\/\/www.koffietafelboeken.nl\/en\/wp-json\/wp\/v2\/media\/24396"}],"wp:attachment":[{"href":"https:\/\/www.koffietafelboeken.nl\/en\/wp-json\/wp\/v2\/media?parent=24395"}],"wp:term":[{"taxonomy":"product_brand","embeddable":true,"href":"https:\/\/www.koffietafelboeken.nl\/en\/wp-json\/wp\/v2\/product_brand?post=24395"},{"taxonomy":"product_cat","embeddable":true,"href":"https:\/\/www.koffietafelboeken.nl\/en\/wp-json\/wp\/v2\/product_cat?post=24395"},{"taxonomy":"product_tag","embeddable":true,"href":"https:\/\/www.koffietafelboeken.nl\/en\/wp-json\/wp\/v2\/product_tag?post=24395"},{"taxonomy":"giftcard-category","embeddable":true,"href":"https:\/\/www.koffietafelboeken.nl\/en\/wp-json\/wp\/v2\/giftcard-category?post=24395"},{"taxonomy":"merken","embeddable":true,"href":"https:\/\/www.koffietafelboeken.nl\/en\/wp-json\/wp\/v2\/merken?post=24395"},{"taxonomy":"thema","embeddable":true,"href":"https:\/\/www.koffietafelboeken.nl\/en\/wp-json\/wp\/v2\/thema?post=24395"}],"curies":[{"name":"wp","href":"https:\/\/api.w.org\/{rel}","templated":true}]}}