{"id":24651,"date":"2024-11-06T08:48:50","date_gmt":"2024-11-06T08:48:50","guid":{"rendered":"https:\/\/www.koffietafelboeken.nl\/?post_type=product&#038;p=24651"},"modified":"2025-04-09T12:29:30","modified_gmt":"2025-04-09T12:29:30","slug":"treasures-from-the-patek-philippe-museum","status":"publish","type":"product","link":"https:\/\/www.koffietafelboeken.nl\/en\/product\/treasures-from-the-patek-philippe-museum","title":{"rendered":"Treasures from the Patek Philippe Museum"},"content":{"rendered":"<p><strong>Innovation, exclusivity and elegance characterize Patek Philippe, a family business with one passionate vocation: perfecting the watch. The richly illustrated coffee table books \"Treasures from the Patek Philippe Museum\" present some of the most important timepieces from the more than 3,000 watches on display at the Patek Philippe Museum in Geneva. <\/strong><\/p>\n<p>Compiled with passion over 40 years by Philippe Stern, honorary chairman of the company, the precious Patek Philippe timepieces include some of the most valuable pieces in the history of horology. With the books, you can take home the Patek Philippe Museum exhibit or, alternatively, get a taste of the treasures before you visit.<\/p>\n<p>From the collection of historic watches featuring the first wearable timepieces from the 16th century to innovative milestones in Patek Philippe's portfolio since its founding in 1839, each watch is reproduced with such beauty and precision that you can almost hear it ticking. With expert curatorial insight and context from Peter Friess, curator of the Patek Philippe Museum, these intricate mechanisms are not only presented for themselves; they also offer a unique perspective on the cultural history of the past 500 years. True to the trust and excellence of the Patek Philippe brand, the presentation, the extraordinary book design by Birgit Binner and the content of these sumptuous publications meet the highest professional standards. They are the perfect books for the \"perfect watch.\"<\/p>\n<p><strong>Specifications<\/strong><br \/>\nTitle: Treasures from the Patek Philippe Museum<br \/>\nAuthor: Dr. Peter Friess<br \/>\nPublisher: <a href=\"\/en\/brands\/teneues-books\">TeNeues<\/a><br \/>\nSize: 297 x 264 x 38<br \/>\nSize: 204 pages<br \/>\nWeight: 2244 grams<br \/>\nLanguage: English<br \/>\nMaterial: Hardcover<br \/>\nISBN: 9783961713707<\/p>\n<p><em>View our extensive range of luxury\u00a0<a href=\"https:\/\/www.koffietafelboeken.nl\/en\/watch-books\">watch books<\/a>\u00a0of the world's most famous watch brands such as Rolex, Cartier, Audemars Piguet, TAG Heuer and G-Shock.<\/em><\/p>","protected":false},"excerpt":{"rendered":"<p>Innovatie, exclusiviteit en elegantie kenmerken Patek Philippe, een familiebedrijf met \u00e9\u00e9n hartstochtelijke roeping: het perfectioneren van het horloge. In de rijk ge\u00efllustreerde koffietafelboeken &#8216;Treasures from the Patek Philippe Museum&#8217; worden enkele van de belangrijkste uurwerken gepresenteerd uit de meer dan 3000 horloges die tentoongesteld zijn in het Patek Philippe Museum in Gen\u00e8ve. De kostbare Patek [&hellip;]<\/p>","protected":false},"featured_media":24656,"template":"","meta":{"_acf_changed":false},"product_brand":[],"product_cat":[891],"product_tag":[],"giftcard-category":[],"merken":[],"thema":[],"class_list":{"0":"post-24651","1":"product","2":"type-product","3":"status-publish","4":"has-post-thumbnail","6":"product_cat-horloge-boeken","8":"first","9":"instock","10":"taxable","11":"shipping-taxable","12":"purchasable","13":"product-type-simple"},"acf":[],"_links":{"self":[{"href":"https:\/\/www.koffietafelboeken.nl\/en\/wp-json\/wp\/v2\/product\/24651","targetHints":{"allow":["GET"]}}],"collection":[{"href":"https:\/\/www.koffietafelboeken.nl\/en\/wp-json\/wp\/v2\/product"}],"about":[{"href":"https:\/\/www.koffietafelboeken.nl\/en\/wp-json\/wp\/v2\/types\/product"}],"wp:featuredmedia":[{"embeddable":true,"href":"https:\/\/www.koffietafelboeken.nl\/en\/wp-json\/wp\/v2\/media\/24656"}],"wp:attachment":[{"href":"https:\/\/www.koffietafelboeken.nl\/en\/wp-json\/wp\/v2\/media?parent=24651"}],"wp:term":[{"taxonomy":"product_brand","embeddable":true,"href":"https:\/\/www.koffietafelboeken.nl\/en\/wp-json\/wp\/v2\/product_brand?post=24651"},{"taxonomy":"product_cat","embeddable":true,"href":"https:\/\/www.koffietafelboeken.nl\/en\/wp-json\/wp\/v2\/product_cat?post=24651"},{"taxonomy":"product_tag","embeddable":true,"href":"https:\/\/www.koffietafelboeken.nl\/en\/wp-json\/wp\/v2\/product_tag?post=24651"},{"taxonomy":"giftcard-category","embeddable":true,"href":"https:\/\/www.koffietafelboeken.nl\/en\/wp-json\/wp\/v2\/giftcard-category?post=24651"},{"taxonomy":"merken","embeddable":true,"href":"https:\/\/www.koffietafelboeken.nl\/en\/wp-json\/wp\/v2\/merken?post=24651"},{"taxonomy":"thema","embeddable":true,"href":"https:\/\/www.koffietafelboeken.nl\/en\/wp-json\/wp\/v2\/thema?post=24651"}],"curies":[{"name":"wp","href":"https:\/\/api.w.org\/{rel}","templated":true}]}}