{"id":25417,"date":"2024-11-27T22:31:24","date_gmt":"2024-11-27T22:31:24","guid":{"rendered":"https:\/\/www.koffietafelboeken.nl\/?post_type=product&#038;p=25417"},"modified":"2025-04-09T12:29:02","modified_gmt":"2025-04-09T12:29:02","slug":"noma-time-and-place-in-nordic-cuisine","status":"publish","type":"product","link":"https:\/\/www.koffietafelboeken.nl\/en\/product\/noma-time-and-place-in-nordic-cuisine","title":{"rendered":"Noma: Time and Place in Nordic Cuisine"},"content":{"rendered":"<p><strong>The cookbook \"Noma\" is an unprecedented opportunity to learn more about the history and philosophy of Ren\u00e9 Redzepi and Noma, the sourcing of ingredients, the experimentation behind the dishes and the cultural significance of dining at Noma.<\/strong><\/p>\n<p>Ren\u00e9 Redzepi is widely acclaimed for reinventing Scandinavian cuisine. His Copenhagen restaurant, Noma, was recognized as the third best restaurant in the world by the San Pellegrino World's 50 Best Restaurant Awards in 2009 and received the unique \"Chef's Choice\" award at the same ceremony. Operating at the cutting edge of gourmet cuisine, Redzepi combines relentless creativity and a remarkable level of craftsmanship with an inimitable and innate knowledge of the products of his Scandinavian terroir.<\/p>\n<p>At Noma, which Redzepi founded in 2003 out of an abandoned 18th-century warehouse after previously working at elBulli and The French Laundry, guests are served exquisite concoctions such as \"Newly-Ploughed Potato Field\" or \"The snowman from Jukkasj\u00e4rvi,\" all carefully crafted to reflect the amazing array of Scandinavian ingredients. Redzepi's fascination with allowing his guests to taste the environment of his food extends to serving dishes on pebbles located in the same fields as his produce. When searching for ingredients, he looks for wild products in local fields, sources horse mussels from the Faroe Islands and sources the purest water from Greenland. Redzepi has taken the culinary themes of seasonal and regionally sourced, sustainable ingredients to a level of excellence, creating scrumptious cuisine.<\/p>\n<p><strong>Specifications<\/strong><br \/>\nTitle: Noma: Time and Place in Nordic Cuisine<br \/>\nAuthor: Ren\u00e9 Redzepi<br \/>\nSize: 258 x 298 x 39 mm<br \/>\nSize: 354 pages<br \/>\nWeight: 2148 grams<br \/>\nLanguage: English<br \/>\nMaterial: Hardcover<br \/>\nISBN: 9780714859033<\/p>\n<p><em>Check out our wide range of tasty\u00a0<a href=\"https:\/\/www.koffietafelboeken.nl\/en\/cookbooks\">cookbooks<\/a>\u00a0featuring dishes from the world's best-known chefs, restaurants and cuisines.\u00a0<\/em><\/p>\n<p>&nbsp;<\/p>","protected":false},"excerpt":{"rendered":"<p>Het kookbook &#8216;Noma&#8217; is een ongekende kans om meer te leren over de geschiedenis en filosofie van Ren\u00e9 Redzepi en Noma, de inkoop van ingredi\u00ebnten, het experiment achter de gerechten en de culturele betekenis van dineren bij Noma. Ren\u00e9 Redzepi wordt alom geprezen voor het opnieuw uitvinden van de Scandinavische keuken. Zijn restaurant in Kopenhagen, [&hellip;]<\/p>\n","protected":false},"featured_media":25427,"template":"","meta":{"_acf_changed":false},"product_brand":[],"product_cat":[116],"product_tag":[],"giftcard-category":[],"merken":[715],"thema":[],"class_list":{"0":"post-25417","1":"product","2":"type-product","3":"status-publish","4":"has-post-thumbnail","6":"product_cat-kookboeken","7":"merken-phaidon-boeken","9":"first","10":"instock","11":"taxable","12":"shipping-taxable","13":"purchasable","14":"product-type-simple"},"acf":[],"_links":{"self":[{"href":"https:\/\/www.koffietafelboeken.nl\/en\/wp-json\/wp\/v2\/product\/25417","targetHints":{"allow":["GET"]}}],"collection":[{"href":"https:\/\/www.koffietafelboeken.nl\/en\/wp-json\/wp\/v2\/product"}],"about":[{"href":"https:\/\/www.koffietafelboeken.nl\/en\/wp-json\/wp\/v2\/types\/product"}],"wp:featuredmedia":[{"embeddable":true,"href":"https:\/\/www.koffietafelboeken.nl\/en\/wp-json\/wp\/v2\/media\/25427"}],"wp:attachment":[{"href":"https:\/\/www.koffietafelboeken.nl\/en\/wp-json\/wp\/v2\/media?parent=25417"}],"wp:term":[{"taxonomy":"product_brand","embeddable":true,"href":"https:\/\/www.koffietafelboeken.nl\/en\/wp-json\/wp\/v2\/product_brand?post=25417"},{"taxonomy":"product_cat","embeddable":true,"href":"https:\/\/www.koffietafelboeken.nl\/en\/wp-json\/wp\/v2\/product_cat?post=25417"},{"taxonomy":"product_tag","embeddable":true,"href":"https:\/\/www.koffietafelboeken.nl\/en\/wp-json\/wp\/v2\/product_tag?post=25417"},{"taxonomy":"giftcard-category","embeddable":true,"href":"https:\/\/www.koffietafelboeken.nl\/en\/wp-json\/wp\/v2\/giftcard-category?post=25417"},{"taxonomy":"merken","embeddable":true,"href":"https:\/\/www.koffietafelboeken.nl\/en\/wp-json\/wp\/v2\/merken?post=25417"},{"taxonomy":"thema","embeddable":true,"href":"https:\/\/www.koffietafelboeken.nl\/en\/wp-json\/wp\/v2\/thema?post=25417"}],"curies":[{"name":"wp","href":"https:\/\/api.w.org\/{rel}","templated":true}]}}