{"id":25691,"date":"2024-12-05T08:44:39","date_gmt":"2024-12-05T08:44:39","guid":{"rendered":"https:\/\/www.koffietafelboeken.nl\/?post_type=product&#038;p=25691"},"modified":"2025-04-09T12:29:01","modified_gmt":"2025-04-09T12:29:01","slug":"kelly-wearstler-synchronicity","status":"publish","type":"product","link":"https:\/\/www.koffietafelboeken.nl\/en\/product\/kelly-wearstler-synchronicity","title":{"rendered":"Kelly Wearstler: Synchronicity"},"content":{"rendered":"<p><strong>Kelly Wearstler, one of today's most irreverent and successful designers, continues to push boundaries with her inventive and opulent residential and commercial interiors. The coffee table book \"Kelly Wearstler: Synchronicity\" is a book full of ideas and stunning photography of never-before-photographed interiors by Wearstler. A must-have for other interior designers and homeowners looking for elegant design inspiration.\u00a0<\/strong><\/p>\n<p>Celebrated for her groundbreaking and provocative interiors that guide global trends, Kelly Wearstler is known for her iconic designs of residences and boutique hotels. Combining an exploration of materiality, color and form with an intuitive juxtaposition of contemporary, vintage, architectural and organic sensibilities, she has created an aesthetic all her own. With a following on social media that has grown to more than two million and expansion into her own lines of furniture, lighting and decor, her is one of the most distinctive voices in the interior design world.<\/p>\n<p>Here, in her first new book in four years, Wearstler presents her recent work in a bold and minimalist way, featuring seven of her most recent and striking designs for homes and hotels, with stunning full-page photography and extraordinary detail. Wearstler's unique eye and incisive approach are evident throughout, from a sleek and monochromatic home in Venice Beach to a beach house with rich texture in Malibu and the dynamic new Proper hotels in Santa Monica and Austin, Texas. Insightful text by Dan Rubinstein guides readers through each space and the tactile furniture and materials that set the mood of each project.<\/p>\n<p><strong>Specifications<\/strong><br \/>\nTitle: Kelly Wearstler: Synchronicity<br \/>\nAuthor: Dan Rubinstein<br \/>\nPublisher: <a href=\"\/en\/brands\/rizzoli-books\">Rizzoli<\/a><br \/>\nSize: 335 x 266 x 31 mm<br \/>\nSize: 288 pages<br \/>\nWeight: 2382 grams<br \/>\nLanguage: English<br \/>\nMaterial: Hardcover<br \/>\nISBN: 9780847873425<\/p>\n<p><iframe id=\"atomic-insight-reader\" style=\"height: 800px; width: 600px;\" src=\"https:\/\/insight.randomhouse.com\/widget\/v4\/?width=600&amp;isbn=9780847873425&amp;author=&amp;title=\"><\/iframe><\/p>\n<p><em>View our selection of luxury\u00a0<a href=\"http:\/\/l\/interieur-architectuur-boeken\" target=\"_blank\" rel=\"noopener\">interior design books<\/a>\u00a0featuring the most amazing interiors of homes, restaurants, hotels and located in the world's most iconic travel destinations.<\/em><\/p>","protected":false},"excerpt":{"rendered":"<p>Kelly Wearstler, een van de meest oneerbiedige en succesvolle ontwerpers van dit moment, blijft grenzen verleggen met haar inventieve en weelderige residenti\u00eble en commerci\u00eble interieurs. Het koffietafelboek &#8216;Kelly Wearstler: Synchronicity&#8217; is een boek vol met idee\u00ebn en prachtige fotografie van nooit eerder gefotografeerde interieurs van Wearstler. Een must-have voor andere interieur-ontwerpers en huiseigenaren die op [&hellip;]<\/p>","protected":false},"featured_media":25696,"template":"","meta":{"_acf_changed":false},"product_brand":[],"product_cat":[117],"product_tag":[],"giftcard-category":[],"merken":[799],"thema":[],"class_list":{"0":"post-25691","1":"product","2":"type-product","3":"status-publish","4":"has-post-thumbnail","6":"product_cat-interieur-boeken","7":"merken-rizzoli-boeken","9":"first","10":"instock","11":"taxable","12":"shipping-taxable","13":"purchasable","14":"product-type-simple"},"acf":[],"_links":{"self":[{"href":"https:\/\/www.koffietafelboeken.nl\/en\/wp-json\/wp\/v2\/product\/25691","targetHints":{"allow":["GET"]}}],"collection":[{"href":"https:\/\/www.koffietafelboeken.nl\/en\/wp-json\/wp\/v2\/product"}],"about":[{"href":"https:\/\/www.koffietafelboeken.nl\/en\/wp-json\/wp\/v2\/types\/product"}],"wp:featuredmedia":[{"embeddable":true,"href":"https:\/\/www.koffietafelboeken.nl\/en\/wp-json\/wp\/v2\/media\/25696"}],"wp:attachment":[{"href":"https:\/\/www.koffietafelboeken.nl\/en\/wp-json\/wp\/v2\/media?parent=25691"}],"wp:term":[{"taxonomy":"product_brand","embeddable":true,"href":"https:\/\/www.koffietafelboeken.nl\/en\/wp-json\/wp\/v2\/product_brand?post=25691"},{"taxonomy":"product_cat","embeddable":true,"href":"https:\/\/www.koffietafelboeken.nl\/en\/wp-json\/wp\/v2\/product_cat?post=25691"},{"taxonomy":"product_tag","embeddable":true,"href":"https:\/\/www.koffietafelboeken.nl\/en\/wp-json\/wp\/v2\/product_tag?post=25691"},{"taxonomy":"giftcard-category","embeddable":true,"href":"https:\/\/www.koffietafelboeken.nl\/en\/wp-json\/wp\/v2\/giftcard-category?post=25691"},{"taxonomy":"merken","embeddable":true,"href":"https:\/\/www.koffietafelboeken.nl\/en\/wp-json\/wp\/v2\/merken?post=25691"},{"taxonomy":"thema","embeddable":true,"href":"https:\/\/www.koffietafelboeken.nl\/en\/wp-json\/wp\/v2\/thema?post=25691"}],"curies":[{"name":"wp","href":"https:\/\/api.w.org\/{rel}","templated":true}]}}