{"id":27899,"date":"2025-02-25T16:05:13","date_gmt":"2025-02-25T16:05:13","guid":{"rendered":"https:\/\/www.koffietafelboeken.nl\/?post_type=product&#038;p=27899"},"modified":"2025-04-09T12:26:58","modified_gmt":"2025-04-09T12:26:58","slug":"lets-eat-france-9781579658762","status":"publish","type":"product","link":"https:\/\/www.koffietafelboeken.nl\/en\/product\/lets-eat-france-9781579658762","title":{"rendered":"Let's Eat France!"},"content":{"rendered":"<p><strong>There has never been a more French food cookbook than Let's Eat France! This book literally feels larger than life and is a feast for foodies and Francophiles. It combines the completist virtues of an encyclopedia and the obsessive visual pleasures of infographics with the unbridled joy of a lover's delight.<\/strong><\/p>\n<p>It includes classic recipes such as how to make a pot-au-feu, eight essential composite salads, p\u00e2t\u00e9 en cro\u00fbte, blanquette de veau, choucroute and the best ratatouille. Profiles of French culinary icons such as Colette and Curnonsky, Brillat-Savarin and Bocuse, the Troigros dynasty and Victor Hugo. An index from region to region with the famous cheeses, meats and recipes. Poster-sized guides on the breads of France, the wines of France, the oysters of France and even the fries of France. You'll be introduced to endive, the beauty of the North; you'll discover the timeline of croissants; you'll understand the art of tartare; you'll find a table of wine bottle sizes, from the small split to the Nebuchadnezzar (the equivalent of 20 standard bottles); and you'll follow the pedigree of French sauces.<\/p>\n<p>What adds to the overall enjoyment of the book is the random arrangement of the contents (a tutorial on mayonnaise is next to a list of places where Balzac ate), making every page a found treasure. It's a book you open anywhere and never want to close.<\/p>\n<p><strong>Specifications<\/strong><br \/>\nTitle: Let's Eat France!<br \/>\nAuthor: Francois-Regis Gaudry<br \/>\nPublisher: Workman Publishing<br \/>\nSize: 337 x 254 x 38 mm<br \/>\nSize: 432 pages<br \/>\nWeight: 2567 grams<br \/>\nLanguage: English<br \/>\nMaterial: Hardcover<br \/>\nISBN: 9781579658762<\/p>\n<p><em>Check out our wide range of tasty\u00a0<a href=\"https:\/\/www.koffietafelboeken.nl\/en\/cookbooks\">cookbooks<\/a>\u00a0featuring dishes from the world's best-known chefs, restaurants and cuisines.\u00a0<\/em><\/p>","protected":false},"excerpt":{"rendered":"<p>Er is nog nooit zo&#8217;n Frans kookboek over eten verschenen als Let&#8217;s Eat France! Dit boek voelt letterlijk groter dan het leven en is een feest voor fijnproevers en francofielen. Het combineert de completistische deugden van een encyclopedie en de obsessieve visuele genoegens van infografieken met de ongebreidelde vreugde van een liefhebber. Er staan klassieke [&hellip;]<\/p>\n","protected":false},"featured_media":27902,"template":"","meta":{"_acf_changed":false},"product_brand":[],"product_cat":[116],"product_tag":[],"giftcard-category":[],"merken":[],"thema":[],"class_list":{"0":"post-27899","1":"product","2":"type-product","3":"status-publish","4":"has-post-thumbnail","6":"product_cat-kookboeken","8":"first","9":"instock","10":"taxable","11":"shipping-taxable","12":"purchasable","13":"product-type-simple"},"acf":[],"_links":{"self":[{"href":"https:\/\/www.koffietafelboeken.nl\/en\/wp-json\/wp\/v2\/product\/27899","targetHints":{"allow":["GET"]}}],"collection":[{"href":"https:\/\/www.koffietafelboeken.nl\/en\/wp-json\/wp\/v2\/product"}],"about":[{"href":"https:\/\/www.koffietafelboeken.nl\/en\/wp-json\/wp\/v2\/types\/product"}],"wp:featuredmedia":[{"embeddable":true,"href":"https:\/\/www.koffietafelboeken.nl\/en\/wp-json\/wp\/v2\/media\/27902"}],"wp:attachment":[{"href":"https:\/\/www.koffietafelboeken.nl\/en\/wp-json\/wp\/v2\/media?parent=27899"}],"wp:term":[{"taxonomy":"product_brand","embeddable":true,"href":"https:\/\/www.koffietafelboeken.nl\/en\/wp-json\/wp\/v2\/product_brand?post=27899"},{"taxonomy":"product_cat","embeddable":true,"href":"https:\/\/www.koffietafelboeken.nl\/en\/wp-json\/wp\/v2\/product_cat?post=27899"},{"taxonomy":"product_tag","embeddable":true,"href":"https:\/\/www.koffietafelboeken.nl\/en\/wp-json\/wp\/v2\/product_tag?post=27899"},{"taxonomy":"giftcard-category","embeddable":true,"href":"https:\/\/www.koffietafelboeken.nl\/en\/wp-json\/wp\/v2\/giftcard-category?post=27899"},{"taxonomy":"merken","embeddable":true,"href":"https:\/\/www.koffietafelboeken.nl\/en\/wp-json\/wp\/v2\/merken?post=27899"},{"taxonomy":"thema","embeddable":true,"href":"https:\/\/www.koffietafelboeken.nl\/en\/wp-json\/wp\/v2\/thema?post=27899"}],"curies":[{"name":"wp","href":"https:\/\/api.w.org\/{rel}","templated":true}]}}