{"id":28212,"date":"2025-03-10T09:07:24","date_gmt":"2025-03-10T09:07:24","guid":{"rendered":"https:\/\/www.koffietafelboeken.nl\/?post_type=product&#038;p=28212"},"modified":"2025-09-29T10:38:17","modified_gmt":"2025-09-29T10:38:17","slug":"the-face-magazine-culture-shift-9781855145894","status":"publish","type":"product","link":"https:\/\/www.koffietafelboeken.nl\/en\/product\/the-face-magazine-culture-shift-9781855145894","title":{"rendered":"The Face Magazine: Culture Shift"},"content":{"rendered":"<p><strong>The coffee table book \"The Face Magazine: Culture Shift\" celebrates iconic fashion images and portraits from The Face, the iconic magazine on youth culture and style that shaped the creative and cultural landscape in Britain and beyond.<\/strong><\/p>\n<p>From 1980 to 2004, The Face played an important role in creating contemporary culture. Musicians featured on its covers achieved worldwide success, and the models the magazine promoted - including a young Kate Moss - became the most recognizable faces of their time. The magazine also launched the careers of many leading photographers and fashion stylists, who were given the creative freedom to radically innovate the visual language of fashion photography and define the zeitgeist. Relaunched in 2019, the magazine continues to provide a disruptive and creative space for image-makers by promoting new talent in photography, fashion, music and graphic design.<\/p>\n<p>The photo book \"The Face Magazine: Culture Shift\" brings together the work of more than 80 photographers, including Sheila Rock, St\u00e9phane Sednaoui, Corinne Day, David Sims, Elaine Constantine and S\u00f8lve Sundsb\u00f8, and showcases more than 200 photographs, a stunning collection in book form.<\/p>\n<p>The photo book, \"The Face Magazine: Culture Shift,\" was compiled by Sabina Jaskot-Gill, Senior Curator of Photographs at the National Portrait Gallery, along with Curatorial Consultants Lee Swillingham, former Art Director of The Face from 1992 to 1999, and Norbert Schoerner, a photographer whose work appeared in the magazine in the 1990s and '90s.<\/p>\n<p><strong>Specifications<\/strong><br \/>\nTitle: The Face Magazine: Culture Shift<br \/>\nAuthor: Sabina Jaskot-Gill<br \/>\nPublisher: National Portrait Gallery<br \/>\nSize: 215 x 140 x 27 mm<br \/>\nSize: 288 pages<br \/>\nWeight: 1780 grams<br \/>\nLanguage: English<br \/>\nMaterial: Hardcover<br \/>\nISBN: 9781855145894<\/p>\n<p><i>View our extensive range of luxury\u00a0<a href=\"https:\/\/www.koffietafelboeken.nl\/en\/fashion-books\">fashion books<\/a>\u00a0of the world's most famous designer labels such as Chanel, Louis Vuitton, Dior and well-known sports brands such as Nike and Adidas.<\/i><\/p>","protected":false},"excerpt":{"rendered":"<p>Het koffietafelboek &#8216;The Face Magazine: Culture Shift&#8217; viert iconische modebeelden en portretten van The Face, het iconische magazine over jeugdcultuur en stijl dat het creatieve en culturele landschap in Groot-Brittanni\u00eb en daarbuiten heeft gevormd. Van 1980 tot 2004 speelde The Face een belangrijke rol in het cre\u00ebren van hedendaagse cultuur. Muzikanten die op de covers [&hellip;]<\/p>\n","protected":false},"featured_media":28213,"template":"","meta":{"_acf_changed":false},"product_brand":[],"product_cat":[809],"product_tag":[],"giftcard-category":[],"merken":[],"thema":[],"class_list":{"0":"post-28212","1":"product","2":"type-product","3":"status-publish","4":"has-post-thumbnail","6":"product_cat-mode-boeken","8":"first","9":"instock","10":"taxable","11":"shipping-taxable","12":"purchasable","13":"product-type-simple"},"acf":[],"_links":{"self":[{"href":"https:\/\/www.koffietafelboeken.nl\/en\/wp-json\/wp\/v2\/product\/28212","targetHints":{"allow":["GET"]}}],"collection":[{"href":"https:\/\/www.koffietafelboeken.nl\/en\/wp-json\/wp\/v2\/product"}],"about":[{"href":"https:\/\/www.koffietafelboeken.nl\/en\/wp-json\/wp\/v2\/types\/product"}],"wp:featuredmedia":[{"embeddable":true,"href":"https:\/\/www.koffietafelboeken.nl\/en\/wp-json\/wp\/v2\/media\/28213"}],"wp:attachment":[{"href":"https:\/\/www.koffietafelboeken.nl\/en\/wp-json\/wp\/v2\/media?parent=28212"}],"wp:term":[{"taxonomy":"product_brand","embeddable":true,"href":"https:\/\/www.koffietafelboeken.nl\/en\/wp-json\/wp\/v2\/product_brand?post=28212"},{"taxonomy":"product_cat","embeddable":true,"href":"https:\/\/www.koffietafelboeken.nl\/en\/wp-json\/wp\/v2\/product_cat?post=28212"},{"taxonomy":"product_tag","embeddable":true,"href":"https:\/\/www.koffietafelboeken.nl\/en\/wp-json\/wp\/v2\/product_tag?post=28212"},{"taxonomy":"giftcard-category","embeddable":true,"href":"https:\/\/www.koffietafelboeken.nl\/en\/wp-json\/wp\/v2\/giftcard-category?post=28212"},{"taxonomy":"merken","embeddable":true,"href":"https:\/\/www.koffietafelboeken.nl\/en\/wp-json\/wp\/v2\/merken?post=28212"},{"taxonomy":"thema","embeddable":true,"href":"https:\/\/www.koffietafelboeken.nl\/en\/wp-json\/wp\/v2\/thema?post=28212"}],"curies":[{"name":"wp","href":"https:\/\/api.w.org\/{rel}","templated":true}]}}