{"id":29258,"date":"2025-04-15T09:39:31","date_gmt":"2025-04-15T09:39:31","guid":{"rendered":"https:\/\/www.koffietafelboeken.nl\/?post_type=product&#038;p=29258"},"modified":"2025-04-15T10:00:46","modified_gmt":"2025-04-15T10:00:46","slug":"the-ultimate-ski-book-9783961712960","status":"publish","type":"product","link":"https:\/\/www.koffietafelboeken.nl\/en\/product\/the-ultimate-ski-book-9783961712960","title":{"rendered":"The Ultimate Ski Book"},"content":{"rendered":"<p><strong>The coffee table book \"The Ultimate Ski Book\" tells the story from the pioneers of mountain sports to the emergence of skiing as the number one winter leisure activity. From the Alps to the Andes, from the Rockies to the Himalayas, this book presents the world's best slopes and runs, combined with everything that is truly fun off-piste; from fashion to style, and from lodging to ultimate enjoyment.\u00a0<\/strong><\/p>\n<p>Higher, faster, farther - skiing is not a hobby, it is almost a way of life. Originally an adventurous way to move through ice and snow, skiing is now the main leisure activity in winter. Snow is more popular than ever, luring thousands of sports enthusiasts to the heights of the earth's mountains year after year. Wherever there is even a flake of snow, there are enthusiastic winter sports enthusiasts - always looking for the longest slope in the Andes, the most spectacular descent in the Alps, the most legendary hut in the Rockies.<\/p>\n<p>For the coffee-table book \"The Ultimate Ski Book,\" ski expert Gabriella Le Breton collected everything that excites the passionate skier - and much more: Here you'll also find the most beautiful views, the most remote resorts, the best restaurants. And of course, real ski legends get to speak and give their tips for life on the two boards that mean the world.<\/p>\n<p><strong>Specifications<\/strong><br \/>\nTitle: The Ultimate Ski Book<br \/>\nAuthor: Gabriella Le Breton<br \/>\nPublisher:\u00a0<a href=\"https:\/\/www.koffietafelboeken.nl\/en\/brands\/teneues-books\">teNeues<\/a><br \/>\nSize: 320 x 255 x 30 mm<br \/>\nSize: 256 pages<br \/>\nWeight: 1755 grams<br \/>\nLanguage: English<br \/>\nMaterial: Hardcover<br \/>\nISBN: 9783961712960<\/p>\n<p><em>Browse from our extensive collection of luxury coffee table books about\u00a0<a href=\"https:\/\/www.koffietafelboeken.nl\/en\/entertainment-booking\">entertainment<\/a>, film, music, media, sports and celebrities.<\/em><\/p>","protected":false},"excerpt":{"rendered":"<p>Het koffietafelboek &#8216;The Ultimate Ski Book&#8217; vertelt het verhaal van de pioniers van de bergsport tot het ontstaan van ski\u00ebn als vrijetijdsbesteding nummer \u00e9\u00e9n in de winter. Van de Alpen tot de Andes, van de Rockies tot de Himalaya, dit boek presenteert &#8217;s werelds beste pistes en afdalingen, gecombineerd met alles wat echt leuk is [&hellip;]<\/p>","protected":false},"featured_media":29266,"template":"","meta":{"_acf_changed":false},"product_brand":[],"product_cat":[904],"product_tag":[],"giftcard-category":[],"merken":[728],"thema":[],"class_list":{"0":"post-29258","1":"product","2":"type-product","3":"status-publish","4":"has-post-thumbnail","6":"product_cat-entertainment-sport-boeken","7":"merken-teneues-boeken","9":"first","10":"instock","11":"taxable","12":"shipping-taxable","13":"purchasable","14":"product-type-simple"},"acf":[],"_links":{"self":[{"href":"https:\/\/www.koffietafelboeken.nl\/en\/wp-json\/wp\/v2\/product\/29258","targetHints":{"allow":["GET"]}}],"collection":[{"href":"https:\/\/www.koffietafelboeken.nl\/en\/wp-json\/wp\/v2\/product"}],"about":[{"href":"https:\/\/www.koffietafelboeken.nl\/en\/wp-json\/wp\/v2\/types\/product"}],"wp:featuredmedia":[{"embeddable":true,"href":"https:\/\/www.koffietafelboeken.nl\/en\/wp-json\/wp\/v2\/media\/29266"}],"wp:attachment":[{"href":"https:\/\/www.koffietafelboeken.nl\/en\/wp-json\/wp\/v2\/media?parent=29258"}],"wp:term":[{"taxonomy":"product_brand","embeddable":true,"href":"https:\/\/www.koffietafelboeken.nl\/en\/wp-json\/wp\/v2\/product_brand?post=29258"},{"taxonomy":"product_cat","embeddable":true,"href":"https:\/\/www.koffietafelboeken.nl\/en\/wp-json\/wp\/v2\/product_cat?post=29258"},{"taxonomy":"product_tag","embeddable":true,"href":"https:\/\/www.koffietafelboeken.nl\/en\/wp-json\/wp\/v2\/product_tag?post=29258"},{"taxonomy":"giftcard-category","embeddable":true,"href":"https:\/\/www.koffietafelboeken.nl\/en\/wp-json\/wp\/v2\/giftcard-category?post=29258"},{"taxonomy":"merken","embeddable":true,"href":"https:\/\/www.koffietafelboeken.nl\/en\/wp-json\/wp\/v2\/merken?post=29258"},{"taxonomy":"thema","embeddable":true,"href":"https:\/\/www.koffietafelboeken.nl\/en\/wp-json\/wp\/v2\/thema?post=29258"}],"curies":[{"name":"wp","href":"https:\/\/api.w.org\/{rel}","templated":true}]}}