{"id":29451,"date":"2025-04-25T08:54:17","date_gmt":"2025-04-25T08:54:17","guid":{"rendered":"https:\/\/www.koffietafelboeken.nl\/?post_type=product&#038;p=29451"},"modified":"2025-11-27T12:40:09","modified_gmt":"2025-11-27T12:40:09","slug":"cartier-panthere-assouline","status":"publish","type":"product","link":"https:\/\/www.koffietafelboeken.nl\/en\/product\/cartier-panthere-assouline","title":{"rendered":"Cartier Panth\u00e8re"},"content":{"rendered":"<p><strong>Assouline's coffee-table book \"Cartier Panth\u00e8re\" describes the panther in art history and the evolution of Cartier panther jewelry. The book shows the techniques used in creating a Cartier panther jewel, and the panther's influence in fashion, design and popular culture. It includes a chronology of 100 years of Cartier panther jewelry.<\/strong><\/p>\n<p>The panther has been silently prowling Cartier's iconography for a century and is the proud leader of the group of precious animals that make up the famous Cartier menagerie. No other animal or jewel is so inextricably and emotionally linked with outstanding women of style of the 20th century, with ideals of modern femininity, and has been Cartier's most iconic motif for a century. The image of the panther, symbol of power, seduction and triumph since ancient times, always arouses fantasies and dreams.<\/p>\n<p>The coffee table book 'Cartier Panth\u00e8re<strong>\u2018, <\/strong>with texts by art historian B\u00e9r\u00e9nice Geoffroy-Schneiter, jewelry historian Vivienne Becker, jewelry expert Joanna Hardy and fashion editor Andr\u00e9 Leon Talley, is a must-have for fans of Cartier the bookmakers at Assouline.<\/p>\n<p><strong>Specifications<\/strong><br \/>\nTitle: Cartier Panth\u00e8re<br \/>\nAuthors: B\u00e9r\u00e9nice Geoffroy-Schneiter, Vivienne Becker<br \/>\nPublisher:\u00a0<a href=\"https:\/\/www.koffietafelboeken.nl\/en\/brands\/assouline-books\">Assouline<\/a><br \/>\nSize: 250 x 330 x 30 mm<br \/>\nSize: 300 pages<br \/>\nWeight: 4,082 kg<br \/>\nLanguage: English<br \/>\nMaterial: Hardcover<br \/>\nISBN: 9781614284284<\/p>\n<p><em>View our extensive range of luxury\u00a0<a href=\"https:\/\/www.koffietafelboeken.nl\/en\/watch-books\">watch books<\/a>\u00a0of the world's most famous watch brands such as Rolex, Cartier, Audemars Piguet, TAG Heuer and G-Shock.<\/em><\/p>","protected":false},"excerpt":{"rendered":"<p>Assouline&#8217;s koffietafelboek &#8216;Cartier Panth\u00e8re&#8217; beschrijft de panter in de kunstgeschiedenis en de evolutie van Cartier panterjuwelen. Het boek toont de technieken die worden gebruikt bij het cre\u00ebren van een Cartier panterjuweel, en de invloed van de panter in mode, design en populaire cultuur. Het bevat een chronologie van 100 jaar Cartier panterjuwelen. De panter sluipt [&hellip;]<\/p>\n","protected":false},"featured_media":29465,"template":"","meta":{"_acf_changed":false},"product_brand":[929],"product_cat":[809],"product_tag":[],"giftcard-category":[],"merken":[813],"thema":[916],"class_list":{"0":"post-29451","1":"product","2":"type-product","3":"status-publish","4":"has-post-thumbnail","6":"product_brand-assouline","7":"product_cat-mode-boeken","8":"merken-assouline-boeken","9":"thema-boeken-over-sieraden","11":"first","12":"instock","13":"taxable","14":"shipping-taxable","15":"purchasable","16":"product-type-simple"},"acf":[],"_links":{"self":[{"href":"https:\/\/www.koffietafelboeken.nl\/en\/wp-json\/wp\/v2\/product\/29451","targetHints":{"allow":["GET"]}}],"collection":[{"href":"https:\/\/www.koffietafelboeken.nl\/en\/wp-json\/wp\/v2\/product"}],"about":[{"href":"https:\/\/www.koffietafelboeken.nl\/en\/wp-json\/wp\/v2\/types\/product"}],"wp:featuredmedia":[{"embeddable":true,"href":"https:\/\/www.koffietafelboeken.nl\/en\/wp-json\/wp\/v2\/media\/29465"}],"wp:attachment":[{"href":"https:\/\/www.koffietafelboeken.nl\/en\/wp-json\/wp\/v2\/media?parent=29451"}],"wp:term":[{"taxonomy":"product_brand","embeddable":true,"href":"https:\/\/www.koffietafelboeken.nl\/en\/wp-json\/wp\/v2\/product_brand?post=29451"},{"taxonomy":"product_cat","embeddable":true,"href":"https:\/\/www.koffietafelboeken.nl\/en\/wp-json\/wp\/v2\/product_cat?post=29451"},{"taxonomy":"product_tag","embeddable":true,"href":"https:\/\/www.koffietafelboeken.nl\/en\/wp-json\/wp\/v2\/product_tag?post=29451"},{"taxonomy":"giftcard-category","embeddable":true,"href":"https:\/\/www.koffietafelboeken.nl\/en\/wp-json\/wp\/v2\/giftcard-category?post=29451"},{"taxonomy":"merken","embeddable":true,"href":"https:\/\/www.koffietafelboeken.nl\/en\/wp-json\/wp\/v2\/merken?post=29451"},{"taxonomy":"thema","embeddable":true,"href":"https:\/\/www.koffietafelboeken.nl\/en\/wp-json\/wp\/v2\/thema?post=29451"}],"curies":[{"name":"wp","href":"https:\/\/api.w.org\/{rel}","templated":true}]}}