{"id":31041,"date":"2025-07-13T14:32:01","date_gmt":"2025-07-13T14:32:01","guid":{"rendered":"https:\/\/www.koffietafelboeken.nl\/?post_type=product&#038;p=31041"},"modified":"2025-11-27T12:40:06","modified_gmt":"2025-11-27T12:40:06","slug":"mexico-city-assouline","status":"publish","type":"product","link":"https:\/\/www.koffietafelboeken.nl\/en\/product\/mexico-city-assouline","title":{"rendered":"Mexico City"},"content":{"rendered":"<p class=\"nm-subregel\"><strong>Assouline's coffee table book \"Mexico City\" takes readers on an unforgettable journey through Mexico's capital city. In the book, readers discover unmissable hotspots and sights in bustling Mexico City through author Aleph Molinari.\u00a0<\/strong><\/p>\n<p>With a history dating back to the 14th century, Mexico City combines indigenous pre-Hispanic roots with colonial architecture and Spanish-baroque influences. This unique blend, made of local materials such as cantera and tezontle, inspires artists and architects alike. Iconic structures such as Diego Rivera's Anahuacalli Museum and Juan O'Gorman's Cave House proudly embody the city's rich history. Today, Mexico City serves as a vibrant backdrop for famous filmmakers such as Alejandro Gonz\u00e1lez I\u00f1\u00e1rritu, Alfonso Cuar\u00f3n and Michel Franco. Discover a city full of wonders, where history and creativity come alive.<\/p>\n<p><strong>Aleph Molinari<\/strong><br \/>\nAleph Molinari, born in Mexico City, is an editor, writer, art director and photographer. He is editor-in-chief of Purple magazine and a contributor to Materia Press, Art Observed and other publications.<\/p>\n<p><strong>Assouline Travel Series<\/strong><br \/>\nThe Assouline Travel Series takes readers on a journey to the most sought-after cities, sharing the stories and celebrating the hotspots and characters that have made each location a must-see. Exclusive vintage and original photographs reveal the distinctive spirit and DNA of the place, and each volume is presented in a striking, vibrant hardcover inspired by the destination.<\/p>\n<p><strong>Specifications<\/strong><br \/>\nTitle: Mexico City<br \/>\nAuthor: Aleph Molinari<br \/>\nPublisher:\u00a0<a href=\"https:\/\/www.koffietafelboeken.nl\/en\/brands\/assouline-books\">Assouline<\/a><br \/>\nSize: 250 x 330 x 50 mm<br \/>\nSize: 312 pages<br \/>\nWeight: 2.54 Kg<br \/>\nLanguage: English<br \/>\nMaterial: Hardcover<br \/>\nISBN: 9781649802514<\/p>\n<p><em>View our extensive range of luxury\u00a0<a href=\"https:\/\/www.koffietafelboeken.nl\/en\/reizen-natuur-boeken\">travel books<\/a>\u00a0with insider stories, travel tips and breathtaking photo series of the world's most iconic travel destinations.<\/em><\/p>","protected":false},"excerpt":{"rendered":"<p>Het koffietafelboek \u2018Mexico City\u2019 van Assouline neemt de lezer mee op een onvergetelijke reis door de hoofdstad van Mexico. In het boek ontdekken lezers aan de hand van schrijver Aleph Molinari niet te missen hotspots en bezienswaardigheden in het bruisende Mexico City.\u00a0 Met een geschiedenis die teruggaat tot de veertiende eeuw combineert Mexico-Stad inheemse pre-Spaanse [&hellip;]<\/p>","protected":false},"featured_media":31055,"template":"","meta":{"_acf_changed":false},"product_brand":[929],"product_cat":[801],"product_tag":[],"giftcard-category":[],"merken":[813],"thema":[],"class_list":{"0":"post-31041","1":"product","2":"type-product","3":"status-publish","4":"has-post-thumbnail","6":"product_brand-assouline","7":"product_cat-reisboeken","8":"merken-assouline-boeken","10":"first","11":"instock","12":"taxable","13":"shipping-taxable","14":"purchasable","15":"product-type-simple"},"acf":[],"_links":{"self":[{"href":"https:\/\/www.koffietafelboeken.nl\/en\/wp-json\/wp\/v2\/product\/31041","targetHints":{"allow":["GET"]}}],"collection":[{"href":"https:\/\/www.koffietafelboeken.nl\/en\/wp-json\/wp\/v2\/product"}],"about":[{"href":"https:\/\/www.koffietafelboeken.nl\/en\/wp-json\/wp\/v2\/types\/product"}],"wp:featuredmedia":[{"embeddable":true,"href":"https:\/\/www.koffietafelboeken.nl\/en\/wp-json\/wp\/v2\/media\/31055"}],"wp:attachment":[{"href":"https:\/\/www.koffietafelboeken.nl\/en\/wp-json\/wp\/v2\/media?parent=31041"}],"wp:term":[{"taxonomy":"product_brand","embeddable":true,"href":"https:\/\/www.koffietafelboeken.nl\/en\/wp-json\/wp\/v2\/product_brand?post=31041"},{"taxonomy":"product_cat","embeddable":true,"href":"https:\/\/www.koffietafelboeken.nl\/en\/wp-json\/wp\/v2\/product_cat?post=31041"},{"taxonomy":"product_tag","embeddable":true,"href":"https:\/\/www.koffietafelboeken.nl\/en\/wp-json\/wp\/v2\/product_tag?post=31041"},{"taxonomy":"giftcard-category","embeddable":true,"href":"https:\/\/www.koffietafelboeken.nl\/en\/wp-json\/wp\/v2\/giftcard-category?post=31041"},{"taxonomy":"merken","embeddable":true,"href":"https:\/\/www.koffietafelboeken.nl\/en\/wp-json\/wp\/v2\/merken?post=31041"},{"taxonomy":"thema","embeddable":true,"href":"https:\/\/www.koffietafelboeken.nl\/en\/wp-json\/wp\/v2\/thema?post=31041"}],"curies":[{"name":"wp","href":"https:\/\/api.w.org\/{rel}","templated":true}]}}