{"id":31718,"date":"2025-08-06T07:30:27","date_gmt":"2025-08-06T07:30:27","guid":{"rendered":"https:\/\/www.koffietafelboeken.nl\/?post_type=product&#038;p=31718"},"modified":"2025-11-27T12:40:06","modified_gmt":"2025-11-27T12:40:06","slug":"iceland-epic-assouline-9781649804471","status":"publish","type":"product","link":"https:\/\/www.koffietafelboeken.nl\/en\/product\/iceland-epic-assouline-9781649804471","title":{"rendered":"Iceland Epic"},"content":{"rendered":"<p class=\"nm-subregel\"><strong>Assouline's coffee table book \"Iceland Epic\" takes readers on an unforgettable journey through Iceland. In the book, readers discover through writer Erika Owen, known for his articles in <em>Architectural Digest, Cond\u00e9 Nast Traveler and GQ, <\/em>unmissable hot spots and attractions in the land of fire and ice.<\/strong><\/p>\n<p>Despite being known as the Land of Fire and Ice, Iceland and its people are very welcoming - dressed in cozy wool sweaters and shrouded in endless summer sunlight. With breathtaking landscapes, folkloric tales, numerous hot springs and contemporary Icelandic music, Iceland is ideally suited for the cultural foodie looking for adventure. The Golden Circle is a great place to start, a route that passes by \u00deingvellir National Park, the Gullfoss waterfall and the Geysir Geothermal Area - just a taste of the many wonders scattered throughout the country. Whether it's a helicopter flight over glaciers or a stay in a glass-walled villa under the Northern Lights, a trip to Iceland is unforgettable.<\/p>\n<p>In Reykjav\u00edk, Scandinavian design meets a vibrant creative scene in the form of leading restaurants like Dill and experimental music festivals like Airwaves, all under the towering silhouette of Hallgr\u00edmskirkja, the city's largest church. This land has shaped artists such as Bj\u00f6rk and \u00c1smundur Sveinsson, whose avant-garde creations reflect the country's untamed beauty and otherworldly pulse. In the countryside, houses with grass roofs and steaming geothermal pools bear witness to a life in harmony with nature. Unlike previous titles in Assouline's Travel Series, the travel book \"Iceland Epic\" is a journey into a new world.<\/p>\n<p><strong>Assouline Travel Series<\/strong><br \/>\nThe Assouline Travel Series takes readers on a journey to the most sought-after cities, sharing the stories and celebrating the hotspots and characters that have made each location a must-see. Exclusive vintage and original photographs reveal the distinctive spirit and DNA of the place, and each volume is presented in a striking, vibrant hardcover inspired by the destination.<\/p>\n<p><strong>Specifications<\/strong><br \/>\nTitle: Iceland Epic<br \/>\nAuthor: Erika Owen<br \/>\nPublisher:\u00a0<a href=\"https:\/\/www.koffietafelboeken.nl\/en\/brands\/assouline-books\">Assouline<\/a><br \/>\nSize: 250 x 330 x 50 mm<br \/>\nSize: 304 pages<br \/>\nWeight: 2,844 kg<br \/>\nLanguage: English<br \/>\nMaterial: Hardcover<br \/>\nISBN: 9781649804471<\/p>\n<p><em>View our extensive range of luxury\u00a0<a href=\"https:\/\/www.koffietafelboeken.nl\/en\/reizen-natuur-boeken\">travel books<\/a>\u00a0with insider stories, travel tips and breathtaking photo series of the world's most iconic travel destinations.<\/em><\/p>","protected":false},"excerpt":{"rendered":"<p>Het koffietafelboek \u2018Iceland Epic\u2019 van Assouline neemt de lezer mee op een onvergetelijke reis door IJsland. In het boek ontdekken lezers aan de hand van schrijver Erika Owen, bekend van zijn artikelen in Architectural Digest, Cond\u00e9 Nast Traveler en GQ, niet te missen hotspots en bezienswaardigheden in het land van vuur en ijs. Ondanks dat [&hellip;]<\/p>","protected":false},"featured_media":31719,"template":"","meta":{"_acf_changed":false},"product_brand":[929],"product_cat":[801],"product_tag":[236],"giftcard-category":[],"merken":[813],"thema":[],"class_list":{"0":"post-31718","1":"product","2":"type-product","3":"status-publish","4":"has-post-thumbnail","6":"product_brand-assouline","7":"product_cat-reisboeken","8":"product_tag-nieuwe-boeken","9":"merken-assouline-boeken","11":"first","12":"instock","13":"taxable","14":"shipping-taxable","15":"purchasable","16":"product-type-simple"},"acf":[],"_links":{"self":[{"href":"https:\/\/www.koffietafelboeken.nl\/en\/wp-json\/wp\/v2\/product\/31718","targetHints":{"allow":["GET"]}}],"collection":[{"href":"https:\/\/www.koffietafelboeken.nl\/en\/wp-json\/wp\/v2\/product"}],"about":[{"href":"https:\/\/www.koffietafelboeken.nl\/en\/wp-json\/wp\/v2\/types\/product"}],"wp:featuredmedia":[{"embeddable":true,"href":"https:\/\/www.koffietafelboeken.nl\/en\/wp-json\/wp\/v2\/media\/31719"}],"wp:attachment":[{"href":"https:\/\/www.koffietafelboeken.nl\/en\/wp-json\/wp\/v2\/media?parent=31718"}],"wp:term":[{"taxonomy":"product_brand","embeddable":true,"href":"https:\/\/www.koffietafelboeken.nl\/en\/wp-json\/wp\/v2\/product_brand?post=31718"},{"taxonomy":"product_cat","embeddable":true,"href":"https:\/\/www.koffietafelboeken.nl\/en\/wp-json\/wp\/v2\/product_cat?post=31718"},{"taxonomy":"product_tag","embeddable":true,"href":"https:\/\/www.koffietafelboeken.nl\/en\/wp-json\/wp\/v2\/product_tag?post=31718"},{"taxonomy":"giftcard-category","embeddable":true,"href":"https:\/\/www.koffietafelboeken.nl\/en\/wp-json\/wp\/v2\/giftcard-category?post=31718"},{"taxonomy":"merken","embeddable":true,"href":"https:\/\/www.koffietafelboeken.nl\/en\/wp-json\/wp\/v2\/merken?post=31718"},{"taxonomy":"thema","embeddable":true,"href":"https:\/\/www.koffietafelboeken.nl\/en\/wp-json\/wp\/v2\/thema?post=31718"}],"curies":[{"name":"wp","href":"https:\/\/api.w.org\/{rel}","templated":true}]}}