{"id":31851,"date":"2025-08-12T20:00:50","date_gmt":"2025-08-12T20:00:50","guid":{"rendered":"https:\/\/www.koffietafelboeken.nl\/?post_type=product&#038;p=31851"},"modified":"2025-11-02T13:51:23","modified_gmt":"2025-11-02T13:51:23","slug":"erwin-olaf-the-biography-9789464941982","status":"publish","type":"product","link":"https:\/\/www.koffietafelboeken.nl\/en\/product\/erwin-olaf-the-biography-9789464941982","title":{"rendered":"Erwin Olaf - The Biography"},"content":{"rendered":"<p><strong>Fans of Erwin Olaf are in for a treat with the biography cum photo book 'Erwin Olaf - The Biography' by Micha Cohen. The chunky 660-page book contains a more than fascinating life story of the Amsterdam photographer and artist, tastefully illustrated with 350 photographs from his private life and his extensive career.\u00a0<\/strong><\/p>\n<p>Erwin Olaf's unexpected death last year, while he was still recovering from a lung transplant, came as a shock. Over the past 3 decades, he gained fame for his extravagant and sometimes sexually explicit photographs. He was inspired by icons such as Robert Mapplethorpe, Hans van Manen and Paul Blanca, and found his muses in the legendary Amsterdam nightclub Club RoXY. Over the years, he evolved from a rebellious avant-gardist to a globally celebrated artist. His exhibitions attracted hundreds of thousands of visitors, from The Hague to Shanghai. Despite his growing fame, he remained true to his own artistic vision and fought tirelessly for the rights of the queer community.<\/p>\n<p>Due to a progressive lung disease, Erwin Olaf felt the need to put his legacy in order. He collaborated on this book, which documents his life and work. His desire was clear: \"I don't have to come out great. But I do want it to be accurate.\" Mischa Cohen followed Olaf for years and gained exclusive access to his archives and his life. He spoke with Olaf's loved ones, friends, colleagues, gallerists, curators, muses and family, and attended photo shoots. Together they selected images from both his oeuvre and his private life. Finally, there were final, moving encounters in a sterile hospital room, capturing the final phase of his life.<\/p>\n<p><strong>Specifications<\/strong><br \/>\nTitle: Erwin Olaf - The Biography<br \/>\nAuthor: Mischa Cohen<br \/>\nPublisher: <a href=\"\/en\/brands\/hannibal-books\">Hannibal Books<\/a><br \/>\nSize: 247 x 178 x 59 mm<br \/>\nSize: 660 pages<br \/>\nPhotos: 350 photos<br \/>\nWeight: 1787 grams<br \/>\nLanguage: English<br \/>\nMaterial: Hardcover<br \/>\nISBN: 9789464941982<br \/>\nRelease: October 9, 2025<\/p>\n<p><em>View our extensive range of luxury\u00a0<a href=\"https:\/\/www.koffietafelboeken.nl\/en\/art-books\">art books<\/a>\u00a0of the world's most famous old and new masters; from Rembrandt, Van Gogh, Vermeer, Warhol, KAWS, Hockney, Basquiat and many others.<\/em><\/p>","protected":false},"excerpt":{"rendered":"<p>Liefhebbers van Erwin Olaf worden met de biografie annex fotoboek &#8216;Erwin Olaf &#8211; The Biography&#8217; van Micha Cohen op de wenken bediend. Het bonkige boek van 660 pagina&#8217;s bevat een meer dan boeiend levensverhaal van de Amsterdamse fotograaf en kunstenaar, smaakvol ge\u00efllustreerd met 350 foto&#8217;s uit zijn priv\u00e9-leven en zijn omvangrijke carri\u00e8re.\u00a0 Erwin Olaf&#8217;s onverwachte [&hellip;]<\/p>","protected":false},"featured_media":31852,"template":"","meta":{"_acf_changed":false},"product_brand":[],"product_cat":[182],"product_tag":[236],"giftcard-category":[],"merken":[685],"thema":[919],"class_list":{"0":"post-31851","1":"product","2":"type-product","3":"status-publish","4":"has-post-thumbnail","6":"product_cat-fotografie-boeken","7":"product_tag-nieuwe-boeken","8":"merken-hannibal-boeken","9":"thema-erwin-olaf-boeken","11":"first","12":"instock","13":"taxable","14":"shipping-taxable","15":"purchasable","16":"product-type-simple"},"acf":[],"_links":{"self":[{"href":"https:\/\/www.koffietafelboeken.nl\/en\/wp-json\/wp\/v2\/product\/31851","targetHints":{"allow":["GET"]}}],"collection":[{"href":"https:\/\/www.koffietafelboeken.nl\/en\/wp-json\/wp\/v2\/product"}],"about":[{"href":"https:\/\/www.koffietafelboeken.nl\/en\/wp-json\/wp\/v2\/types\/product"}],"wp:featuredmedia":[{"embeddable":true,"href":"https:\/\/www.koffietafelboeken.nl\/en\/wp-json\/wp\/v2\/media\/31852"}],"wp:attachment":[{"href":"https:\/\/www.koffietafelboeken.nl\/en\/wp-json\/wp\/v2\/media?parent=31851"}],"wp:term":[{"taxonomy":"product_brand","embeddable":true,"href":"https:\/\/www.koffietafelboeken.nl\/en\/wp-json\/wp\/v2\/product_brand?post=31851"},{"taxonomy":"product_cat","embeddable":true,"href":"https:\/\/www.koffietafelboeken.nl\/en\/wp-json\/wp\/v2\/product_cat?post=31851"},{"taxonomy":"product_tag","embeddable":true,"href":"https:\/\/www.koffietafelboeken.nl\/en\/wp-json\/wp\/v2\/product_tag?post=31851"},{"taxonomy":"giftcard-category","embeddable":true,"href":"https:\/\/www.koffietafelboeken.nl\/en\/wp-json\/wp\/v2\/giftcard-category?post=31851"},{"taxonomy":"merken","embeddable":true,"href":"https:\/\/www.koffietafelboeken.nl\/en\/wp-json\/wp\/v2\/merken?post=31851"},{"taxonomy":"thema","embeddable":true,"href":"https:\/\/www.koffietafelboeken.nl\/en\/wp-json\/wp\/v2\/thema?post=31851"}],"curies":[{"name":"wp","href":"https:\/\/api.w.org\/{rel}","templated":true}]}}