{"id":34059,"date":"2025-10-21T07:33:43","date_gmt":"2025-10-21T07:33:43","guid":{"rendered":"https:\/\/www.koffietafelboeken.nl\/?post_type=product&#038;p=34059"},"modified":"2025-10-21T07:34:28","modified_gmt":"2025-10-21T07:34:28","slug":"botello-the-art-of-angel-botello","status":"publish","type":"product","link":"https:\/\/www.koffietafelboeken.nl\/en\/product\/botello-the-art-of-angel-botello","title":{"rendered":"Botello: The Art of Angel Botello"},"content":{"rendered":"<p><strong>The coffee table book \"Botello: The Art of Angel Botello\" is the first-ever monograph on the work of Spanish painter and sculptor \u00c1ngel Botello. The book presents the artist's most illustrious works in a collector's edition, drawn from private collections, museums and the artist's estate.<\/strong><\/p>\n<p>\u00c1ngel Botello (Puerto Rico, 1913-1986) was a Spanish painter known for his use of vibrant colors and his depictions of island life and the people of Haiti, Cuba, the Dominican Republic and Puerto Rico. He became a pioneer of the local art scene in Puerto Rico by opening one of the first art galleries on the island. There he developed his signature figurative and surrealist style, inspired by his encounter with the tropical light and bright colors of Puerto Rico. The eponymous \"Botellian\" style refers to the artist's caricatural approach to the human figure.<\/p>\n<p><strong>Specifications<\/strong><br \/>\nTitle: Botello: The Art of Angel Botello<br \/>\nSize: 279 x 356 x 25 mm<br \/>\nSize: 160 pages<br \/>\nLanguage: English<br \/>\nMaterial: Hardcover<br \/>\nISBN: 9781737192756<\/p>\n<p><em>View our extensive range of luxury\u00a0<a href=\"https:\/\/www.koffietafelboeken.nl\/en\/art-books\">art books<\/a>\u00a0of the world's most famous old and new masters; from Rembrandt, Van Gogh, Vermeer, Warhol, KAWS, Hockney, Basquiat and many others.<\/em><\/p>","protected":false},"excerpt":{"rendered":"<p>Het koffietafelboek &#8216;Botello: The Art of Angel Botello&#8217; is de allereerste monografie over het werk van de Spaanse schilder en beeldhouwer \u00c1ngel Botello. Het boek presenteert de meest illustere werken van de kunstenaar in een verzameleditie, afkomstig uit priv\u00e9collecties, musea en de nalatenschap van de kunstenaar. \u00c1ngel Botello (Puerto Rico, 1913-1986) was een Spaanse schilder [&hellip;]<\/p>","protected":false},"featured_media":34065,"template":"","meta":{"_acf_changed":false},"product_brand":[],"product_cat":[114],"product_tag":[],"giftcard-category":[],"merken":[],"thema":[],"class_list":{"0":"post-34059","1":"product","2":"type-product","3":"status-publish","4":"has-post-thumbnail","6":"product_cat-kunst-boeken","8":"first","9":"instock","10":"taxable","11":"shipping-taxable","12":"purchasable","13":"product-type-simple"},"acf":[],"_links":{"self":[{"href":"https:\/\/www.koffietafelboeken.nl\/en\/wp-json\/wp\/v2\/product\/34059","targetHints":{"allow":["GET"]}}],"collection":[{"href":"https:\/\/www.koffietafelboeken.nl\/en\/wp-json\/wp\/v2\/product"}],"about":[{"href":"https:\/\/www.koffietafelboeken.nl\/en\/wp-json\/wp\/v2\/types\/product"}],"wp:featuredmedia":[{"embeddable":true,"href":"https:\/\/www.koffietafelboeken.nl\/en\/wp-json\/wp\/v2\/media\/34065"}],"wp:attachment":[{"href":"https:\/\/www.koffietafelboeken.nl\/en\/wp-json\/wp\/v2\/media?parent=34059"}],"wp:term":[{"taxonomy":"product_brand","embeddable":true,"href":"https:\/\/www.koffietafelboeken.nl\/en\/wp-json\/wp\/v2\/product_brand?post=34059"},{"taxonomy":"product_cat","embeddable":true,"href":"https:\/\/www.koffietafelboeken.nl\/en\/wp-json\/wp\/v2\/product_cat?post=34059"},{"taxonomy":"product_tag","embeddable":true,"href":"https:\/\/www.koffietafelboeken.nl\/en\/wp-json\/wp\/v2\/product_tag?post=34059"},{"taxonomy":"giftcard-category","embeddable":true,"href":"https:\/\/www.koffietafelboeken.nl\/en\/wp-json\/wp\/v2\/giftcard-category?post=34059"},{"taxonomy":"merken","embeddable":true,"href":"https:\/\/www.koffietafelboeken.nl\/en\/wp-json\/wp\/v2\/merken?post=34059"},{"taxonomy":"thema","embeddable":true,"href":"https:\/\/www.koffietafelboeken.nl\/en\/wp-json\/wp\/v2\/thema?post=34059"}],"curies":[{"name":"wp","href":"https:\/\/api.w.org\/{rel}","templated":true}]}}