{"id":34101,"date":"2025-10-22T18:03:51","date_gmt":"2025-10-22T18:03:51","guid":{"rendered":"https:\/\/www.koffietafelboeken.nl\/?post_type=product&#038;p=34101"},"modified":"2025-10-22T19:20:21","modified_gmt":"2025-10-22T19:20:21","slug":"porsche-911-the-art-of-speed","status":"publish","type":"product","link":"https:\/\/www.koffietafelboeken.nl\/en\/product\/porsche-911-the-art-of-speed","title":{"rendered":"Porsche 911: The Art of Speed"},"content":{"rendered":"<p><strong>The stunning coffee-table book \"Porsche 911: The Art of Speed\" by renowned automotive photographer Ren\u00e9 Staud and acclaimed automotive journalist J\u00fcrgen Lewandowski captures the Porsche 911's legacy of high-performance engineering with unparalleled depth and detail. The oversized, luxurious tome showcases the most legendary 911s, including the mysterious 911 R, the Le Mans-winning 911 GT1 and the groundbreaking race car, the 935.<\/strong><\/p>\n<p>For more than six decades, the Porsche 911 has defined what a sports car can be by combining precision construction, breathtaking aerodynamics and relentless speed. This definitive tribute presents an extraordinary visual and historical journey through each generation of the world's most successful sports car. Automotive photographer Ren\u00e9 Staud has captured nearly every 911 variant in remarkable detail, from the earliest prototypes to the latest turbocharged models. And automotive journalist J\u00fcrgen Lewandowski provides expert commentary and insight into Porsche's technological breakthroughs, racing victories and cultural impact.<\/p>\n<p>Car enthusiasts, racing fans and admirers of Porsche and German engineering will appreciate the scope and accuracy of this spectacular collection. With its comprehensive format, expert narration, and impressive images, this book is the ultimate collector's edition for anyone who appreciates supercar performance, horsepower, and design excellence.<\/p>\n<p><strong>Specifications<\/strong><br \/>\nTitle: Porsche 911: The Art of Speed<br \/>\nAuthor: Ren\u00e9 Staud, J\u00fcrgen Lewandowski<br \/>\nPublisher: <a href=\"\/en\/brands\/prestel-books\">Prestel<\/a><br \/>\nSize: 375 x 297 x 30 mm<br \/>\nSize: 304 pages<br \/>\nWeight: 3 Kg<br \/>\nLanguage: English<br \/>\nMaterial: Hardback<br \/>\nISBN: 9783791391816<\/p>\n<p><em>View our extensive range of luxury\u00a0<a href=\"https:\/\/www.koffietafelboeken.nl\/en\/car-books\">car books\u00a0<\/a>of the world's most famous brands such as Ferrari, Porsche, Lamborgini, Aston Martin, Mercedes Benz, BMW and so many other great car brands.<\/em><\/p>","protected":false},"excerpt":{"rendered":"<p>In het prachtige koffietafelboek &#8216;Porsche 911: The Art of Speed&#8217; van de beroemde autofotograaf Ren\u00e9 Staud en veelgeprezen autojournalist J\u00fcrgen Lewandowski wordt de erfenis van de Porsche 911 op het gebied van hoogwaardige techniek met onge\u00ebvenaarde diepgang en detail weergegeven. Het oversized, luxueuze boekwerk toont de meest legendarische 911&#8217;s, waaronder de mysterieuze 911 R, de [&hellip;]<\/p>","protected":false},"featured_media":34100,"template":"","meta":{"_acf_changed":false},"product_brand":[],"product_cat":[890],"product_tag":[236],"giftcard-category":[],"merken":[901],"thema":[882],"class_list":{"0":"post-34101","1":"product","2":"type-product","3":"status-publish","4":"has-post-thumbnail","6":"product_cat-autoboeken","7":"product_tag-nieuwe-boeken","8":"merken-prestel-boeken","9":"thema-porsche-boeken","11":"first","12":"instock","13":"taxable","14":"shipping-taxable","15":"purchasable","16":"product-type-simple"},"acf":[],"_links":{"self":[{"href":"https:\/\/www.koffietafelboeken.nl\/en\/wp-json\/wp\/v2\/product\/34101","targetHints":{"allow":["GET"]}}],"collection":[{"href":"https:\/\/www.koffietafelboeken.nl\/en\/wp-json\/wp\/v2\/product"}],"about":[{"href":"https:\/\/www.koffietafelboeken.nl\/en\/wp-json\/wp\/v2\/types\/product"}],"wp:featuredmedia":[{"embeddable":true,"href":"https:\/\/www.koffietafelboeken.nl\/en\/wp-json\/wp\/v2\/media\/34100"}],"wp:attachment":[{"href":"https:\/\/www.koffietafelboeken.nl\/en\/wp-json\/wp\/v2\/media?parent=34101"}],"wp:term":[{"taxonomy":"product_brand","embeddable":true,"href":"https:\/\/www.koffietafelboeken.nl\/en\/wp-json\/wp\/v2\/product_brand?post=34101"},{"taxonomy":"product_cat","embeddable":true,"href":"https:\/\/www.koffietafelboeken.nl\/en\/wp-json\/wp\/v2\/product_cat?post=34101"},{"taxonomy":"product_tag","embeddable":true,"href":"https:\/\/www.koffietafelboeken.nl\/en\/wp-json\/wp\/v2\/product_tag?post=34101"},{"taxonomy":"giftcard-category","embeddable":true,"href":"https:\/\/www.koffietafelboeken.nl\/en\/wp-json\/wp\/v2\/giftcard-category?post=34101"},{"taxonomy":"merken","embeddable":true,"href":"https:\/\/www.koffietafelboeken.nl\/en\/wp-json\/wp\/v2\/merken?post=34101"},{"taxonomy":"thema","embeddable":true,"href":"https:\/\/www.koffietafelboeken.nl\/en\/wp-json\/wp\/v2\/thema?post=34101"}],"curies":[{"name":"wp","href":"https:\/\/api.w.org\/{rel}","templated":true}]}}