{"id":34171,"date":"2025-10-23T19:24:53","date_gmt":"2025-10-23T19:24:53","guid":{"rendered":"https:\/\/www.koffietafelboeken.nl\/?post_type=product&#038;p=34171"},"modified":"2026-05-11T19:19:32","modified_gmt":"2026-05-11T19:19:32","slug":"ultimate-collector-watches-taschen","status":"publish","type":"product","link":"https:\/\/www.koffietafelboeken.nl\/en\/product\/ultimate-collector-watches-taschen","title":{"rendered":"Ultimate Collector Watches"},"content":{"rendered":"<h2><strong>From precious early minute repeaters by Louis Brandt &amp; Fr\u00e8re and James Schulz to legendary and extremely rare vintage chronometers by Patek Philippe, Rolex and Vacheron Constantin to ultra-modern contemporary pieces, Taschen's XL coffee-table book \"Ultimate Collector Watches\" is a dazzling ode to watchmaking in the field of timekeeping on a truly virtuoso level. Read all about the 100 most legendary and coveted timepieces of all time.<\/strong><\/h2>\n<p>At 960 pages, this luxurious two-volume book provides an overview for connoisseurs of the world's ultimate watches, from early pilot watches by brands such as Longines to legendary vintage chronometers by Patek Philippe, Rolex and Audemars Piguet, among others, to state-of-the-art contemporary pieces. Also included are horological masterpieces by the legendary George Daniels and his prot\u00e9g\u00e9 Roger W. Smith, as well as other famous independent watchmakers, including Philippe Dufour, Fran\u00e7ois-Paul Journe, Kari Voutilainen and Rexhep Rexhepi.<\/p>\n<p>The hundred astonishingly valuable wristwatches featured in this carefully curated and beautifully illustrated book offer a rare insight into the sublime craftsmanship and complex technique of haute horlogerie. This title also provides an unparalleled historical overview of luxury watchmaking, from the birth of the pocket watch to the current resurgence of interest in custom-made, handcrafted timepieces.<\/p>\n<p>Featuring 100 stunning \"holy grail\" wristwatches, their fascinating designs and development histories are expertly told alongside page after page of sublime images specially taken by the world's leading watch photographers.<\/p>\n<p><strong>Specifications<\/strong><br \/>\nTitle: Ultimate Collector Watches<br \/>\nAuthor: Charlotte and Peter Fiell<br \/>\nPublisher: <a href=\"\/en\/brands\/taschen-books\">TASCHEN<\/a><br \/>\nSize: 215 x 140 x 27 mm<br \/>\nSize: 960 pages<br \/>\nLanguage: English<br \/>\nMaterial: Hardcover<br \/>\nISBN: 9783836590051<\/p>\n<p><em>View our extensive range of luxury\u00a0<a href=\"https:\/\/www.koffietafelboeken.nl\/en\/watch-books\">watch books<\/a>\u00a0of the world's most famous watch brands such as Rolex, Cartier, Audemars Piguet, TAG Heuer and G-Shock.<\/em><\/p>","protected":false},"excerpt":{"rendered":"<p>Van kostbare vroege minutenrepetities van Louis Brandt &amp; Fr\u00e8re en James Schulz tot legendarische en uiterst zeldzame vintage chronometers van Patek Philippe, Rolex en Vacheron Constantin tot ultramoderne hedendaagse stukken: het XL-koffietafelboek &#8216;Ultimate Collector Watches&#8217; van Taschen is een schitterende ode aan de horlogemakerij op het gebied van tijdwaarneming op werkelijk virtuoos niveau. Lees alles [&hellip;]<\/p>\n","protected":false},"featured_media":34169,"template":"","meta":{"_acf_changed":false},"product_brand":[],"product_cat":[891],"product_tag":[],"giftcard-category":[],"merken":[727],"thema":[],"class_list":{"0":"post-34171","1":"product","2":"type-product","3":"status-publish","4":"has-post-thumbnail","6":"product_cat-horloge-boeken","7":"merken-taschen-boeken","9":"first","10":"instock","11":"taxable","12":"shipping-taxable","13":"purchasable","14":"product-type-simple"},"acf":[],"_links":{"self":[{"href":"https:\/\/www.koffietafelboeken.nl\/en\/wp-json\/wp\/v2\/product\/34171","targetHints":{"allow":["GET"]}}],"collection":[{"href":"https:\/\/www.koffietafelboeken.nl\/en\/wp-json\/wp\/v2\/product"}],"about":[{"href":"https:\/\/www.koffietafelboeken.nl\/en\/wp-json\/wp\/v2\/types\/product"}],"wp:featuredmedia":[{"embeddable":true,"href":"https:\/\/www.koffietafelboeken.nl\/en\/wp-json\/wp\/v2\/media\/34169"}],"wp:attachment":[{"href":"https:\/\/www.koffietafelboeken.nl\/en\/wp-json\/wp\/v2\/media?parent=34171"}],"wp:term":[{"taxonomy":"product_brand","embeddable":true,"href":"https:\/\/www.koffietafelboeken.nl\/en\/wp-json\/wp\/v2\/product_brand?post=34171"},{"taxonomy":"product_cat","embeddable":true,"href":"https:\/\/www.koffietafelboeken.nl\/en\/wp-json\/wp\/v2\/product_cat?post=34171"},{"taxonomy":"product_tag","embeddable":true,"href":"https:\/\/www.koffietafelboeken.nl\/en\/wp-json\/wp\/v2\/product_tag?post=34171"},{"taxonomy":"giftcard-category","embeddable":true,"href":"https:\/\/www.koffietafelboeken.nl\/en\/wp-json\/wp\/v2\/giftcard-category?post=34171"},{"taxonomy":"merken","embeddable":true,"href":"https:\/\/www.koffietafelboeken.nl\/en\/wp-json\/wp\/v2\/merken?post=34171"},{"taxonomy":"thema","embeddable":true,"href":"https:\/\/www.koffietafelboeken.nl\/en\/wp-json\/wp\/v2\/thema?post=34171"}],"curies":[{"name":"wp","href":"https:\/\/api.w.org\/{rel}","templated":true}]}}