{"id":36573,"date":"2025-12-27T11:50:36","date_gmt":"2025-12-27T11:50:36","guid":{"rendered":"https:\/\/www.koffietafelboeken.nl\/?post_type=product&#038;p=36573"},"modified":"2025-12-27T11:50:36","modified_gmt":"2025-12-27T11:50:36","slug":"velazquez-the-complete-works","status":"publish","type":"product","link":"https:\/\/www.koffietafelboeken.nl\/en\/product\/velazquez-the-complete-works","title":{"rendered":"Vel\u00e1zquez. The Complete Works"},"content":{"rendered":"<p><strong>For so many greats of art history, Diego Rodr\u00edguez de Silva y Vel\u00e1zquez was and remains the ultimate sounding board. TASCHEN's coffee table book 'Vel\u00e1zquez. The Complete Works' presents his complete works in stunning reproductions, including enlarged details and photographs of recently restored paintings.<\/strong><\/p>\n<p>Manet called him \"the greatest painter of all time. Picasso was so inspired by his masterpiece Las Meninas that he painted 44 variations on it. Francis Bacon painted a study of his portrait of Pope Innocent X. Monet and Renoir, Corot and Courbet, Degas and Dal\u00ed ... for so many greats of art history, Diego Rodr\u00edguez de Silva y Vel\u00e1zquez (1599-1660) was and remains the ultimate inspiration.<\/p>\n<p>This monograph brings together Vel\u00e1zquez's complete oeuvre with a selection of enlarged details and photographs of recently restored paintings, created through a joint initiative of TASCHEN and the Wildenstein Institute. The stunning images are accompanied by an illuminating commentary by Jos\u00e9 L\u00f3pez-Rey on Vel\u00e1zquez's interest in human life and his equal attention to all subjects, from an old woman frying eggs to a pope or king, as well as his devotion to color and light, which would influence the Impressionists more than two centuries later.<\/p>\n<p><strong>Specifications<\/strong><br \/>\nTitle: Vel\u00e1zquez. The Complete Works<br \/>\nAuthor: Jos\u00e9 L\u00f3pez-Rey<br \/>\nPublisher:\u00a0<a href=\"https:\/\/www.koffietafelboeken.nl\/en\/brands\/taschen-books\">Taschen<\/a><br \/>\nFormat: <span data-testid=\"book-details--dimensions\">250 x 340 x 60 mm,\u00a0<\/span><br \/>\nSize: 416 pages<br \/>\nWeight: <span data-testid=\"book-details--weight\">3.60 kg<\/span><br \/>\nLanguage: English<br \/>\nMaterial: Hardcover<br \/>\nISBN: 9783836581790<\/p>\n<p><em>View our extensive range of luxury\u00a0<a href=\"https:\/\/www.koffietafelboeken.nl\/en\/art-books\">art books<\/a>\u00a0of the world's most famous old and new masters; from Rembrandt, Van Gogh, Vermeer, Warhol, KAWS, Hockney, Basquiat and many others.<\/em><\/p>","protected":false},"excerpt":{"rendered":"<p>Voor zoveel grootheden uit de kunstgeschiedenis was en blijft Diego Rodr\u00edguez de Silva y Vel\u00e1zquez het ultieme klankbord. TASCHEN&#8217;s koffietafelboek &#8216;Vel\u00e1zquez. The Complete Works&#8217; presenteert zijn complete oeuvre in prachtige reproducties, inclusief vergrote details en foto&#8217;s van recent gerestaureerde schilderijen. Manet noemde hem \u2018de grootste schilder aller tijden\u2019. Picasso was zo ge\u00efnspireerd door zijn meesterwerk [&hellip;]<\/p>\n","protected":false},"featured_media":36565,"template":"","meta":{"_acf_changed":false},"product_brand":[],"product_cat":[114],"product_tag":[],"giftcard-category":[],"merken":[727],"thema":[913],"class_list":{"0":"post-36573","1":"product","2":"type-product","3":"status-publish","4":"has-post-thumbnail","6":"product_cat-kunst-boeken","7":"merken-taschen-boeken","8":"thema-oude-meesters-boeken","10":"first","11":"instock","12":"taxable","13":"shipping-taxable","14":"purchasable","15":"product-type-simple"},"acf":[],"_links":{"self":[{"href":"https:\/\/www.koffietafelboeken.nl\/en\/wp-json\/wp\/v2\/product\/36573","targetHints":{"allow":["GET"]}}],"collection":[{"href":"https:\/\/www.koffietafelboeken.nl\/en\/wp-json\/wp\/v2\/product"}],"about":[{"href":"https:\/\/www.koffietafelboeken.nl\/en\/wp-json\/wp\/v2\/types\/product"}],"wp:featuredmedia":[{"embeddable":true,"href":"https:\/\/www.koffietafelboeken.nl\/en\/wp-json\/wp\/v2\/media\/36565"}],"wp:attachment":[{"href":"https:\/\/www.koffietafelboeken.nl\/en\/wp-json\/wp\/v2\/media?parent=36573"}],"wp:term":[{"taxonomy":"product_brand","embeddable":true,"href":"https:\/\/www.koffietafelboeken.nl\/en\/wp-json\/wp\/v2\/product_brand?post=36573"},{"taxonomy":"product_cat","embeddable":true,"href":"https:\/\/www.koffietafelboeken.nl\/en\/wp-json\/wp\/v2\/product_cat?post=36573"},{"taxonomy":"product_tag","embeddable":true,"href":"https:\/\/www.koffietafelboeken.nl\/en\/wp-json\/wp\/v2\/product_tag?post=36573"},{"taxonomy":"giftcard-category","embeddable":true,"href":"https:\/\/www.koffietafelboeken.nl\/en\/wp-json\/wp\/v2\/giftcard-category?post=36573"},{"taxonomy":"merken","embeddable":true,"href":"https:\/\/www.koffietafelboeken.nl\/en\/wp-json\/wp\/v2\/merken?post=36573"},{"taxonomy":"thema","embeddable":true,"href":"https:\/\/www.koffietafelboeken.nl\/en\/wp-json\/wp\/v2\/thema?post=36573"}],"curies":[{"name":"wp","href":"https:\/\/api.w.org\/{rel}","templated":true}]}}