{"id":36575,"date":"2025-12-27T12:14:28","date_gmt":"2025-12-27T12:14:28","guid":{"rendered":"https:\/\/www.koffietafelboeken.nl\/?post_type=product&#038;p=36575"},"modified":"2025-12-27T12:34:32","modified_gmt":"2025-12-27T12:34:32","slug":"albrecht-durer-the-complete-paintings","status":"publish","type":"product","link":"https:\/\/www.koffietafelboeken.nl\/en\/product\/albrecht-durer-the-complete-paintings","title":{"rendered":"Albrecht D\u00fcrer. The Complete Paintings."},"content":{"rendered":"<p><strong>Albrecht D\u00fcrer, painter, graphic artist, theorist and pioneer, is the undisputed genius of the Northern Renaissance. His portraits of nobility made him famous, his drawings, watercolors and prints elevated these media to serious art forms. TASCHEN's coffee-table book 'Albrecht D\u00fcrer. The Complete Paintings' explores his stunning versatility, extraordinary career and lasting legacy.<\/strong><\/p>\n<p>Albrecht D\u00fcrer was a visionary who was not limited to one medium. He built a career that encompassed painting, graphic art, drawing and art theory, mastering each with stunning skill. He was famous during his lifetime for his portraits of princes and patricians, and his radiant drawings and watercolors transformed the sketch into an art form in its own right: works such as Young Hare are marvels of observation, capturing life with a precision and sensitivity that still amaze today.<\/p>\n<p>Featuring all known paintings - many of them reproduced with brand-new photography - and nearly 500 drawings, this elegant coffee-table book provides a close look at the genius of D\u00fcrer. From monumental altarpieces to intimate portraits, from delicate studies of the world around him to bold experiments, it reveals an artist who was both of his time and far ahead of his time, an innovator whose vision remains relevant today. More than a compendium, it is an ode to a polymath who continues to amaze and inspire.<\/p>\n<p><strong>Specifications<\/strong><br \/>\nTitle: Albrecht D\u00fcrer. The Complete Paintings.<br \/>\nAuthor: Christof Metzger<br \/>\nPublisher:\u00a0<a href=\"https:\/\/www.koffietafelboeken.nl\/en\/brands\/taschen-books\">Taschen<\/a><br \/>\nFormat: <span data-testid=\"book-details--dimensions\">290 x 395 x 100 mm<\/span><br \/>\nSize: 798 pages<br \/>\nWeight: <span data-testid=\"book-details--weight\">7.76 kg<\/span><br \/>\nLanguage: English<br \/>\nMaterial: Hardcover<br \/>\nISBN: 9783836581455<\/p>\n<p><em>View our extensive range of luxury\u00a0<a href=\"https:\/\/www.koffietafelboeken.nl\/en\/art-books\">art books<\/a>\u00a0of the world's most famous old and new masters; from Rembrandt, Van Gogh, Vermeer, Warhol, KAWS, Hockney, Basquiat and many others.<\/em><\/p>","protected":false},"excerpt":{"rendered":"<p>Albrecht D\u00fcrer, schilder, graficus, theoreticus en pionier, is de onbetwiste genie van de Noordelijke Renaissance. Zijn portretten van de adel maakten hem beroemd, zijn tekeningen, aquarellen en prenten verheven deze media tot serieuze kunstvormen. TASCHEN&#8217;s koffietafelboek &#8216;Albrecht D\u00fcrer. The Complete Paintings&#8217; verkent zijn verbluffende veelzijdigheid, buitengewone carri\u00e8re en blijvende nalatenschap. Albrecht D\u00fcrer was een visionair [&hellip;]<\/p>\n","protected":false},"featured_media":36433,"template":"","meta":{"_acf_changed":false},"product_brand":[],"product_cat":[114],"product_tag":[236],"giftcard-category":[],"merken":[727],"thema":[913],"class_list":{"0":"post-36575","1":"product","2":"type-product","3":"status-publish","4":"has-post-thumbnail","6":"product_cat-kunst-boeken","7":"product_tag-nieuwe-boeken","8":"merken-taschen-boeken","9":"thema-oude-meesters-boeken","11":"first","12":"instock","13":"taxable","14":"shipping-taxable","15":"purchasable","16":"product-type-simple"},"acf":[],"_links":{"self":[{"href":"https:\/\/www.koffietafelboeken.nl\/en\/wp-json\/wp\/v2\/product\/36575","targetHints":{"allow":["GET"]}}],"collection":[{"href":"https:\/\/www.koffietafelboeken.nl\/en\/wp-json\/wp\/v2\/product"}],"about":[{"href":"https:\/\/www.koffietafelboeken.nl\/en\/wp-json\/wp\/v2\/types\/product"}],"wp:featuredmedia":[{"embeddable":true,"href":"https:\/\/www.koffietafelboeken.nl\/en\/wp-json\/wp\/v2\/media\/36433"}],"wp:attachment":[{"href":"https:\/\/www.koffietafelboeken.nl\/en\/wp-json\/wp\/v2\/media?parent=36575"}],"wp:term":[{"taxonomy":"product_brand","embeddable":true,"href":"https:\/\/www.koffietafelboeken.nl\/en\/wp-json\/wp\/v2\/product_brand?post=36575"},{"taxonomy":"product_cat","embeddable":true,"href":"https:\/\/www.koffietafelboeken.nl\/en\/wp-json\/wp\/v2\/product_cat?post=36575"},{"taxonomy":"product_tag","embeddable":true,"href":"https:\/\/www.koffietafelboeken.nl\/en\/wp-json\/wp\/v2\/product_tag?post=36575"},{"taxonomy":"giftcard-category","embeddable":true,"href":"https:\/\/www.koffietafelboeken.nl\/en\/wp-json\/wp\/v2\/giftcard-category?post=36575"},{"taxonomy":"merken","embeddable":true,"href":"https:\/\/www.koffietafelboeken.nl\/en\/wp-json\/wp\/v2\/merken?post=36575"},{"taxonomy":"thema","embeddable":true,"href":"https:\/\/www.koffietafelboeken.nl\/en\/wp-json\/wp\/v2\/thema?post=36575"}],"curies":[{"name":"wp","href":"https:\/\/api.w.org\/{rel}","templated":true}]}}