{"id":36811,"date":"2026-01-04T12:53:57","date_gmt":"2026-01-04T12:53:57","guid":{"rendered":"https:\/\/www.koffietafelboeken.nl\/?post_type=product&#038;p=36811"},"modified":"2026-01-04T13:00:31","modified_gmt":"2026-01-04T13:00:31","slug":"picasso-tete-a-tete-9781951449940","status":"publish","type":"product","link":"https:\/\/www.koffietafelboeken.nl\/en\/product\/picasso-tete-a-tete-9781951449940","title":{"rendered":"Picasso: T\u00eate-\u00e0-T\u00eate"},"content":{"rendered":"<p><strong>The art book \"Picasso: T\u00eate-\u00e0-T\u00eate\" was published on the occasion of the exhibition of the same name at Gagosian Gallery in New York. In collaboration with the artist's daughter, Paloma Picasso, the book is based largely on Picasso's estate and includes more than 50 rarely shown paintings, sculptures and drawings from his entire career, from 1896 to 1972. <\/strong><\/p>\n<p>Inspired by the achronological approach used by Picasso in mounting his first retrospective in 1932, works from different decades were juxtaposed, encouraging viewers to discover new personal connections and continuities.<\/p>\n<p>Fully illustrated with color plates, including extensive installation photography, the catalog includes reproductions of all the works in the exhibition, along with details and archival images of the artist and his studios. It includes an introduction by Larry Gagosian; a conversation between Paloma Picasso and artist Peter Doig about the inspiration behind the exhibition and about her father's creative life; \"Hanging with Picasso,\" an essay by Michael Cary in which he reflects on the diversity of the artist's work; and a translation of a 1932 conversation between Picasso and E. T\u00e9riade.<\/p>\n<p>The hardcover with linen cover is wrapped in a slipcase featuring the painting Fillette jouant avec une voiture (Paloma fond rouge) (1951) and the image Petite fille sautant \u00e0 la corde (1950).<\/p>\n<p><strong>Specifications<\/strong><br \/>\nTitle: Picasso: T\u00eate-\u00e0-T\u00eate<br \/>\nAuthors: Michael Cary, Larry Gagosian, Paloma Picasso<br \/>\nPublisher: <a href=\"\/en\/brands\/rizzoli-books\">Rizzoli<\/a><br \/>\nSize: 251 \u00d7 295 x 32 mm<br \/>\nSize: 212 pages<br \/>\nLanguage: English<br \/>\nMaterial: Hardcover<br \/>\nISBN: 9781951449940<\/p>\n<p><em>View our extensive range of luxury\u00a0<a href=\"https:\/\/www.koffietafelboeken.nl\/en\/art-books\">art books<\/a>\u00a0of the world's most famous old and new masters; from Rembrandt, Van Gogh, Vermeer, Warhol, KAWS, Hockney, Basquiat and many others.<\/em><\/p>","protected":false},"excerpt":{"rendered":"<p>Het kunstboek &#8216;Picasso: T\u00eate-\u00e0-T\u00eate&#8217; werd gepubliceerd ter gelegenheid van de gelijknamige tentoonstelling in Gagosian Gallery in New York. In samenwerking met de dochter van de kunstenaar, Paloma Picasso is het boek grotendeels gebaseerd op de nalatenschap van Picasso en bevat meer dan vijftig zelden vertoonde schilderijen, sculpturen en tekeningen uit zijn hele carri\u00e8re, van 1896 [&hellip;]<\/p>","protected":false},"featured_media":36806,"template":"","meta":{"_acf_changed":false},"product_brand":[],"product_cat":[114],"product_tag":[],"giftcard-category":[],"merken":[799],"thema":[],"class_list":{"0":"post-36811","1":"product","2":"type-product","3":"status-publish","4":"has-post-thumbnail","6":"product_cat-kunst-boeken","7":"merken-rizzoli-boeken","9":"first","10":"instock","11":"taxable","12":"shipping-taxable","13":"purchasable","14":"product-type-simple"},"acf":[],"_links":{"self":[{"href":"https:\/\/www.koffietafelboeken.nl\/en\/wp-json\/wp\/v2\/product\/36811","targetHints":{"allow":["GET"]}}],"collection":[{"href":"https:\/\/www.koffietafelboeken.nl\/en\/wp-json\/wp\/v2\/product"}],"about":[{"href":"https:\/\/www.koffietafelboeken.nl\/en\/wp-json\/wp\/v2\/types\/product"}],"wp:featuredmedia":[{"embeddable":true,"href":"https:\/\/www.koffietafelboeken.nl\/en\/wp-json\/wp\/v2\/media\/36806"}],"wp:attachment":[{"href":"https:\/\/www.koffietafelboeken.nl\/en\/wp-json\/wp\/v2\/media?parent=36811"}],"wp:term":[{"taxonomy":"product_brand","embeddable":true,"href":"https:\/\/www.koffietafelboeken.nl\/en\/wp-json\/wp\/v2\/product_brand?post=36811"},{"taxonomy":"product_cat","embeddable":true,"href":"https:\/\/www.koffietafelboeken.nl\/en\/wp-json\/wp\/v2\/product_cat?post=36811"},{"taxonomy":"product_tag","embeddable":true,"href":"https:\/\/www.koffietafelboeken.nl\/en\/wp-json\/wp\/v2\/product_tag?post=36811"},{"taxonomy":"giftcard-category","embeddable":true,"href":"https:\/\/www.koffietafelboeken.nl\/en\/wp-json\/wp\/v2\/giftcard-category?post=36811"},{"taxonomy":"merken","embeddable":true,"href":"https:\/\/www.koffietafelboeken.nl\/en\/wp-json\/wp\/v2\/merken?post=36811"},{"taxonomy":"thema","embeddable":true,"href":"https:\/\/www.koffietafelboeken.nl\/en\/wp-json\/wp\/v2\/thema?post=36811"}],"curies":[{"name":"wp","href":"https:\/\/api.w.org\/{rel}","templated":true}]}}