{"id":38549,"date":"2026-03-05T19:32:32","date_gmt":"2026-03-05T19:32:32","guid":{"rendered":"https:\/\/www.koffietafelboeken.nl\/?post_type=product&#038;p=38549"},"modified":"2026-03-05T19:32:33","modified_gmt":"2026-03-05T19:32:33","slug":"dior-lady-art-9780847842100","status":"publish","type":"product","link":"https:\/\/www.koffietafelboeken.nl\/en\/product\/dior-lady-art-9780847842100","title":{"rendered":"Dior Lady Art"},"content":{"rendered":"<p><strong>The vibrant coffee table book \"Dior Lady Art\" is an ode to the Lady Dior with a stunning blend of fashion, art and savoir-faire, turning the bag into a canvas for creative expression. The book shows how creatives from around the world have reinterpreted the legendary design into limited edition masterpieces, beautifully brought to life by Dior's artisans.<\/strong><\/p>\n<p>From bold, avant-garde pieces to intricate, handmade details, these bags showcase the limitless possibilities of artistic collaboration. Names such as Judy Chicago, Jeffrey Gibson, Gilbert &amp; George, Zhang Huan, Jack Pierson, Marc Quinn, Raqib Shaw, Claire Tabouret, Mickalene Thomas, Eva Jospin and Joana Vasconcelos are among the renowned contemporary artists Dior has invited to work on the bags, offering an exciting journey into a world where fashion history meets contemporary creativity.<\/p>\n<blockquote><p><em>In honor of one of the most iconic fashion accessories, renowned contemporary artists were invited to reinterpret the Lady Dior bag in limited editions.<\/em><\/p><\/blockquote>\n<p>The Lady Dior, named after Lady Diana, Princess of Wales, is one of the few truly iconic handbags that is instantly recognizable. First introduced in 1995, the bag became a symbol of elegance and craftsmanship, embodying the essence of Dior and its sophistication.<\/p>\n<p><strong>Specifications<\/strong><br \/>\nTitle: Dior Lady Art<br \/>\nAuthors: Herv\u00e9 Mikaeloff, J\u00e9r\u00f4me Hanover<br \/>\nPublisher: <a href=\"\/en\/brands\/rizzoli-books\">Rizzoli<\/a><br \/>\nSize: 306 x 264 x 55 mm<br \/>\nSize: 352 pages<br \/>\nWeight: 3036 grams<br \/>\nLanguage: English<br \/>\nMaterial: Hardcover<br \/>\nISBN: 9780847842100<\/p>\n<p><em>View from our extensive collection of luxury\u00a0<a href=\"https:\/\/www.koffietafelboeken.nl\/en\/photography-books\">coffee table books<\/a>\u00a0featuring photography by the world's best-known photographers such as Helmut Newton, David Lachapelle, Anton Corbijn, Peter Lindbergh and many others.<\/em><\/p>","protected":false},"excerpt":{"rendered":"<p>The vibrant coffee table book 'Dior Lady Art' is an ode to the Lady Dior with a stunning blend of fashion, art and savoir-faire, turning the bag into a canvas for creative expression. The book shows how creatives from around the world have reinterpreted the legendary design into limited edition masterpieces, which are beautifully [...]<\/p>","protected":false},"featured_media":38541,"template":"","meta":{"_acf_changed":false},"product_brand":[],"product_cat":[809],"product_tag":[236],"giftcard-category":[],"merken":[799],"thema":[933],"class_list":{"0":"post-38549","1":"product","2":"type-product","3":"status-publish","4":"has-post-thumbnail","6":"product_cat-mode-boeken","7":"product_tag-nieuwe-boeken","8":"merken-rizzoli-boeken","9":"thema-dior-boeken","11":"first","12":"instock","13":"taxable","14":"shipping-taxable","15":"purchasable","16":"product-type-simple"},"acf":[],"_links":{"self":[{"href":"https:\/\/www.koffietafelboeken.nl\/en\/wp-json\/wp\/v2\/product\/38549","targetHints":{"allow":["GET"]}}],"collection":[{"href":"https:\/\/www.koffietafelboeken.nl\/en\/wp-json\/wp\/v2\/product"}],"about":[{"href":"https:\/\/www.koffietafelboeken.nl\/en\/wp-json\/wp\/v2\/types\/product"}],"wp:featuredmedia":[{"embeddable":true,"href":"https:\/\/www.koffietafelboeken.nl\/en\/wp-json\/wp\/v2\/media\/38541"}],"wp:attachment":[{"href":"https:\/\/www.koffietafelboeken.nl\/en\/wp-json\/wp\/v2\/media?parent=38549"}],"wp:term":[{"taxonomy":"product_brand","embeddable":true,"href":"https:\/\/www.koffietafelboeken.nl\/en\/wp-json\/wp\/v2\/product_brand?post=38549"},{"taxonomy":"product_cat","embeddable":true,"href":"https:\/\/www.koffietafelboeken.nl\/en\/wp-json\/wp\/v2\/product_cat?post=38549"},{"taxonomy":"product_tag","embeddable":true,"href":"https:\/\/www.koffietafelboeken.nl\/en\/wp-json\/wp\/v2\/product_tag?post=38549"},{"taxonomy":"giftcard-category","embeddable":true,"href":"https:\/\/www.koffietafelboeken.nl\/en\/wp-json\/wp\/v2\/giftcard-category?post=38549"},{"taxonomy":"merken","embeddable":true,"href":"https:\/\/www.koffietafelboeken.nl\/en\/wp-json\/wp\/v2\/merken?post=38549"},{"taxonomy":"thema","embeddable":true,"href":"https:\/\/www.koffietafelboeken.nl\/en\/wp-json\/wp\/v2\/thema?post=38549"}],"curies":[{"name":"wp","href":"https:\/\/api.w.org\/{rel}","templated":true}]}}