{"id":39301,"date":"2026-04-13T13:59:45","date_gmt":"2026-04-13T13:59:45","guid":{"rendered":"https:\/\/www.koffietafelboeken.nl\/?post_type=product&#038;p=39301"},"modified":"2026-04-13T14:00:13","modified_gmt":"2026-04-13T14:00:13","slug":"explore-the-leading-hotels-of-the-world","status":"publish","type":"product","link":"https:\/\/www.koffietafelboeken.nl\/en\/product\/explore-the-leading-hotels-of-the-world","title":{"rendered":"Explore: The Leading Hotels of the World"},"content":{"rendered":"<p><strong>Discover unique travel destinations with the coffee table book \"Explore: The Leading Hotels of the World,\" an ode to exceptional hospitality viewed through the lens of adventure and well-being. Join us on a breathtaking visual journey through a collection of the world's most exclusive independent luxury hotels, winning prestigious awards time and again, earning top honors in Travel + Leisure's World's Best Awards and Cond\u00e9 Nast Traveler's Readers' Choice Awards.<\/strong><\/p>\n<p>Following Phaidon's coffee table books '<a href=\"\/en\/product\/design-the-leading-hotels-of-the-world\">Design<\/a>' and '<a href=\"\/en\/product\/culture-the-leading-hotels-of-the-world\">Culture<\/a>' this stunning book is the third volume in the multi-volume series of The Leading Hotels of the World. The richly illustrated and expertly curated travel book presents a comprehensive collection of accommodations tailored to provide breathtaking adventures, transformative wellness experiences, cutting-edge spa treatments and world-class sports facilities.<\/p>\n<p>Featuring a tailored selection of more than 80 exceptional hotels from LHW's collection of more than 400 members in 80 countries, the \"Explore\" coffee table book offers readers a whirlwind journey through continents, climates and cultures. Whether gazing at distant galaxies at the Nayara Alto Atacama in the Chilean desert, mountain biking along the 48 kilometers of specially constructed trails at South Africa's Steyn City Hotel by Saxon, or bathing as the ancient Etruscans did at Terme di Saturnia in Tuscany, these LHW accommodations offer countless opportunities to nourish body, mind and spirit.<\/p>\n<p>There is a plethora of special activities, such as the tennis academy of Wimbledon champion Goran Ivani\u0161evi\u0107 at D Maris Bay on the Turkish peninsula of Dat\u00e7a; the 344 acres of the Gleneagles Hotel in Scotland, where you can practice archery, falconry, golf and much more; and the charming Bavarian-style lodging on the slopes of the Sonnenalp Hotel in the Colorado ski village of Vail.<\/p>\n<p><strong>Specifications<\/strong><br \/>\nTitle: Explore: The Leading Hotels of the World<br \/>\nAuthor: Spencer Bailey<br \/>\nPublisher: <a href=\"\/en\/brands\/phaidon-books\">Phaidon<\/a><br \/>\nSize: 288 x 250 x 40 mm<br \/>\nSize: 304 pages<br \/>\nLanguage: English<br \/>\nMaterial: Hardcover<br \/>\nISBN: 9781580937368<br \/>\nAppearance: July 2, 2026<\/p>\n<p><em>View our extensive range of luxury\u00a0<a href=\"https:\/\/www.koffietafelboeken.nl\/en\/reizen-natuur-boeken\">travel books<\/a>\u00a0with insider stories, travel tips and breathtaking photo series of the world's most iconic travel destinations.<\/em><\/p>","protected":false},"excerpt":{"rendered":"<p>Ontdek unieke reisbestemmingen met het koffietafelboek &#8216;Explore: The Leading Hotels of the World&#8217;, een ode aan uitzonderlijke gastvrijheid, bekeken door de lens van avontuur en welzijn. Ga mee op een adembenemende visuele reis door een collectie van \u2019s werelds meest exclusieve onafhankelijke luxe hotels, die keer op keer prestigieuze prijzen in de wacht sleept en [&hellip;]<\/p>","protected":false},"featured_media":39293,"template":"","meta":{"_acf_changed":false},"product_brand":[],"product_cat":[801],"product_tag":[915],"giftcard-category":[],"merken":[715],"thema":[],"class_list":{"0":"post-39301","1":"product","2":"type-product","3":"status-publish","4":"has-post-thumbnail","6":"product_cat-reisboeken","7":"product_tag-binnenkort-verkrijgbaar","8":"merken-phaidon-boeken","10":"first","11":"instock","12":"taxable","13":"shipping-taxable","14":"purchasable","15":"product-type-simple"},"acf":[],"_links":{"self":[{"href":"https:\/\/www.koffietafelboeken.nl\/en\/wp-json\/wp\/v2\/product\/39301","targetHints":{"allow":["GET"]}}],"collection":[{"href":"https:\/\/www.koffietafelboeken.nl\/en\/wp-json\/wp\/v2\/product"}],"about":[{"href":"https:\/\/www.koffietafelboeken.nl\/en\/wp-json\/wp\/v2\/types\/product"}],"wp:featuredmedia":[{"embeddable":true,"href":"https:\/\/www.koffietafelboeken.nl\/en\/wp-json\/wp\/v2\/media\/39293"}],"wp:attachment":[{"href":"https:\/\/www.koffietafelboeken.nl\/en\/wp-json\/wp\/v2\/media?parent=39301"}],"wp:term":[{"taxonomy":"product_brand","embeddable":true,"href":"https:\/\/www.koffietafelboeken.nl\/en\/wp-json\/wp\/v2\/product_brand?post=39301"},{"taxonomy":"product_cat","embeddable":true,"href":"https:\/\/www.koffietafelboeken.nl\/en\/wp-json\/wp\/v2\/product_cat?post=39301"},{"taxonomy":"product_tag","embeddable":true,"href":"https:\/\/www.koffietafelboeken.nl\/en\/wp-json\/wp\/v2\/product_tag?post=39301"},{"taxonomy":"giftcard-category","embeddable":true,"href":"https:\/\/www.koffietafelboeken.nl\/en\/wp-json\/wp\/v2\/giftcard-category?post=39301"},{"taxonomy":"merken","embeddable":true,"href":"https:\/\/www.koffietafelboeken.nl\/en\/wp-json\/wp\/v2\/merken?post=39301"},{"taxonomy":"thema","embeddable":true,"href":"https:\/\/www.koffietafelboeken.nl\/en\/wp-json\/wp\/v2\/thema?post=39301"}],"curies":[{"name":"wp","href":"https:\/\/api.w.org\/{rel}","templated":true}]}}